{"id":5732,"date":"2023-04-27T07:56:50","date_gmt":"2023-04-27T07:56:50","guid":{"rendered":"https:\/\/biofolic.dk\/?post_type=product&#038;p=5732"},"modified":"2024-03-02T20:49:42","modified_gmt":"2024-03-02T20:49:42","slug":"essential-til-kvinder","status":"publish","type":"product","link":"https:\/\/biofolic.dk\/en\/behandlingsplan-mod-h%C3%A5rtab-essential-til-kvinder\/","title":{"rendered":"Essential"},"content":{"rendered":"","protected":false},"excerpt":{"rendered":"","protected":false},"featured_media":4245,"template":"","meta":[],"product_brand":[],"product_cat":[19],"product_tag":[],"product_gender":[34],"class_list":{"0":"post-5732","1":"product","2":"type-product","3":"status-publish","4":"has-post-thumbnail","6":"product_cat-behandlingsplaner-mod-haartab","7":"product_gender-kvinder","8":"has-subscription-plans","10":"first","11":"instock","12":"sold-individually","13":"taxable","14":"shipping-taxable","15":"purchasable","16":"product-type-bundle"},"bundled_by":[],"bundle_stock_status":"instock","bundle_stock_quantity":"","bundle_virtual":false,"bundle_layout":"default","bundle_add_to_cart_form_location":"default","bundle_editable_in_cart":false,"bundle_sold_individually_context":"product","bundle_item_grouping":"parent","bundle_min_size":"","bundle_max_size":"","bundle_price":{"price":{"min":{"incl_tax":"1989","excl_tax":"1591.2"},"max":{"incl_tax":"1989","excl_tax":"1591.2"}},"regular_price":{"min":{"incl_tax":"1989","excl_tax":"1591.2"},"max":{"incl_tax":"1989","excl_tax":"1591.2"}}},"bundled_items":[{"bundled_item_id":64,"product_id":4285,"menu_order":0,"quantity_min":1,"quantity_max":1,"quantity_default":1,"priced_individually":false,"shipped_individually":true,"override_title":false,"title":"Halv\u00e5rstjek","override_description":false,"description":"","optional":false,"hide_thumbnail":false,"discount":"","override_variations":false,"allowed_variations":[],"override_default_variation_attributes":false,"default_variation_attributes":[],"single_product_visibility":"hidden","cart_visibility":"hidden","order_visibility":"hidden","single_product_price_visibility":"visible","cart_price_visibility":"visible","order_price_visibility":"visible","stock_status":"in_stock"},{"bundled_item_id":65,"product_id":4673,"menu_order":1,"quantity_min":1,"quantity_max":1,"quantity_default":1,"priced_individually":false,"shipped_individually":true,"override_title":false,"title":"DNA-test","override_description":false,"description":"","optional":false,"hide_thumbnail":false,"discount":"","override_variations":false,"allowed_variations":[],"override_default_variation_attributes":false,"default_variation_attributes":[],"single_product_visibility":"hidden","cart_visibility":"hidden","order_visibility":"hidden","single_product_price_visibility":"visible","cart_price_visibility":"visible","order_price_visibility":"visible","stock_status":"in_stock"},{"bundled_item_id":66,"product_id":4283,"menu_order":2,"quantity_min":1,"quantity_max":1,"quantity_default":1,"priced_individually":false,"shipped_individually":true,"override_title":false,"title":"Forunders\u00f8gelse hos h\u00e5rspecialist","override_description":false,"description":"","optional":false,"hide_thumbnail":false,"discount":"","override_variations":false,"allowed_variations":[],"override_default_variation_attributes":false,"default_variation_attributes":[],"single_product_visibility":"hidden","cart_visibility":"hidden","order_visibility":"hidden","single_product_price_visibility":"visible","cart_price_visibility":"visible","order_price_visibility":"visible","stock_status":"in_stock"},{"bundled_item_id":67,"product_id":4665,"menu_order":3,"quantity_min":1,"quantity_max":1,"quantity_default":1,"priced_individually":false,"shipped_individually":true,"override_title":false,"title":"Kosttilskud mod h\u00e5rtab","override_description":false,"description":"","optional":false,"hide_thumbnail":false,"discount":"","override_variations":false,"allowed_variations":[],"override_default_variation_attributes":false,"default_variation_attributes":[],"single_product_visibility":"hidden","cart_visibility":"hidden","order_visibility":"hidden","single_product_price_visibility":"visible","cart_price_visibility":"visible","order_price_visibility":"visible","stock_status":"in_stock"},{"bundled_item_id":72,"product_id":5733,"menu_order":4,"quantity_min":1,"quantity_max":1,"quantity_default":1,"priced_individually":false,"shipped_individually":true,"override_title":false,"title":"H\u00e5rv\u00e6kst shampoo","override_description":false,"description":"","optional":false,"hide_thumbnail":false,"discount":"","override_variations":false,"allowed_variations":[],"override_default_variation_attributes":false,"default_variation_attributes":[],"single_product_visibility":"hidden","cart_visibility":"hidden","order_visibility":"hidden","single_product_price_visibility":"visible","cart_price_visibility":"visible","order_price_visibility":"visible","stock_status":"in_stock"},{"bundled_item_id":73,"product_id":5718,"menu_order":5,"quantity_min":1,"quantity_max":1,"quantity_default":1,"priced_individually":false,"shipped_individually":true,"override_title":false,"title":"H\u00e5rv\u00e6kst serum","override_description":false,"description":"","optional":false,"hide_thumbnail":false,"discount":"","override_variations":false,"allowed_variations":[],"override_default_variation_attributes":false,"default_variation_attributes":[],"single_product_visibility":"hidden","cart_visibility":"hidden","order_visibility":"hidden","single_product_price_visibility":"visible","cart_price_visibility":"visible","order_price_visibility":"visible","stock_status":"in_stock"},{"bundled_item_id":70,"product_id":5545,"menu_order":6,"quantity_min":5,"quantity_max":5,"quantity_default":5,"priced_individually":false,"shipped_individually":false,"override_title":false,"title":"Mesoterapi","override_description":false,"description":"","optional":false,"hide_thumbnail":false,"discount":"","override_variations":false,"allowed_variations":[],"override_default_variation_attributes":false,"default_variation_attributes":[],"single_product_visibility":"hidden","cart_visibility":"hidden","order_visibility":"hidden","single_product_price_visibility":"visible","cart_price_visibility":"visible","order_price_visibility":"visible","stock_status":"in_stock"},{"bundled_item_id":71,"product_id":5546,"menu_order":7,"quantity_min":5,"quantity_max":5,"quantity_default":5,"priced_individually":false,"shipped_individually":false,"override_title":false,"title":"Vampyr Behandling","override_description":false,"description":"","optional":false,"hide_thumbnail":false,"discount":"","override_variations":false,"allowed_variations":[],"override_default_variation_attributes":false,"default_variation_attributes":[],"single_product_visibility":"hidden","cart_visibility":"hidden","order_visibility":"hidden","single_product_price_visibility":"visible","cart_price_visibility":"visible","order_price_visibility":"visible","stock_status":"in_stock"}],"bundle_sell_ids":[],"acf":[],"yoast_head":"<!-- This site is optimized with the Yoast SEO plugin v25.4 - https:\/\/yoast.com\/wordpress\/plugins\/seo\/ -->\n<title>Behandlingsplan Mod H\u00e5rtab - Biofolic Essential Til Kvinder<\/title>\n<meta name=\"description\" content=\"Biofolic\u00ae Essential er en specialiseret 12-m\u00e5neders behandlingsplan, som giver en intensiv h\u00e5rbehandling for en fornyet og kraftigere h\u00e5rv\u00e6kst.\" \/>\n<meta name=\"robots\" content=\"index, follow, max-snippet:-1, max-image-preview:large, max-video-preview:-1\" \/>\n<link rel=\"canonical\" href=\"https:\/\/biofolic.dk\/en\/behandlingsplan-mod-h\u00e5rtab-essential-til-kvinder\/\" \/>\n<meta property=\"og:locale\" content=\"en_US\" \/>\n<meta property=\"og:type\" content=\"article\" \/>\n<meta property=\"og:title\" content=\"Behandlingsplan Mod H\u00e5rtab - Biofolic Essential Til Kvinder\" \/>\n<meta property=\"og:description\" content=\"Biofolic\u00ae Essential er en specialiseret 12-m\u00e5neders behandlingsplan, som giver en intensiv h\u00e5rbehandling for en fornyet og kraftigere h\u00e5rv\u00e6kst.\" \/>\n<meta property=\"og:url\" content=\"https:\/\/biofolic.dk\/en\/behandlingsplan-mod-h\u00e5rtab-essential-til-kvinder\/\" \/>\n<meta property=\"og:site_name\" content=\"Biofolic\" \/>\n<meta property=\"article:modified_time\" content=\"2024-03-02T20:49:42+00:00\" \/>\n<meta property=\"og:image\" content=\"https:\/\/biofolic.dk\/wp-content\/uploads\/2022\/08\/plans-product-image-essential.jpg\" \/>\n\t<meta property=\"og:image:width\" content=\"2560\" \/>\n\t<meta property=\"og:image:height\" content=\"2560\" \/>\n\t<meta property=\"og:image:type\" content=\"image\/jpeg\" \/>\n<meta name=\"twitter:card\" content=\"summary_large_image\" \/>\n<script type=\"application\/ld+json\" class=\"yoast-schema-graph\">{\"@context\":\"https:\/\/schema.org\",\"@graph\":[{\"@type\":\"WebPage\",\"@id\":\"https:\/\/biofolic.dk\/en\/behandlingsplan-mod-h%C3%A5rtab-essential-til-kvinder\/\",\"url\":\"https:\/\/biofolic.dk\/en\/behandlingsplan-mod-h%C3%A5rtab-essential-til-kvinder\/\",\"name\":\"Behandlingsplan Mod H\u00e5rtab - Biofolic Essential Til Kvinder\",\"isPartOf\":{\"@id\":\"https:\/\/biofolic.dk\/en\/#website\"},\"primaryImageOfPage\":{\"@id\":\"https:\/\/biofolic.dk\/en\/behandlingsplan-mod-h%C3%A5rtab-essential-til-kvinder\/#primaryimage\"},\"image\":{\"@id\":\"https:\/\/biofolic.dk\/en\/behandlingsplan-mod-h%C3%A5rtab-essential-til-kvinder\/#primaryimage\"},\"thumbnailUrl\":\"https:\/\/biofolic.dk\/wp-content\/uploads\/2022\/08\/plans-product-image-essential.jpg\",\"datePublished\":\"2023-04-27T07:56:50+00:00\",\"dateModified\":\"2024-03-02T20:49:42+00:00\",\"description\":\"Biofolic\u00ae Essential er en specialiseret 12-m\u00e5neders behandlingsplan, som giver en intensiv h\u00e5rbehandling for en fornyet og kraftigere h\u00e5rv\u00e6kst.\",\"breadcrumb\":{\"@id\":\"https:\/\/biofolic.dk\/en\/behandlingsplan-mod-h%C3%A5rtab-essential-til-kvinder\/#breadcrumb\"},\"inLanguage\":\"en-US\",\"potentialAction\":[{\"@type\":\"ReadAction\",\"target\":[\"https:\/\/biofolic.dk\/en\/behandlingsplan-mod-h%C3%A5rtab-essential-til-kvinder\/\"]}]},{\"@type\":\"ImageObject\",\"inLanguage\":\"en-US\",\"@id\":\"https:\/\/biofolic.dk\/en\/behandlingsplan-mod-h%C3%A5rtab-essential-til-kvinder\/#primaryimage\",\"url\":\"https:\/\/biofolic.dk\/wp-content\/uploads\/2022\/08\/plans-product-image-essential.jpg\",\"contentUrl\":\"https:\/\/biofolic.dk\/wp-content\/uploads\/2022\/08\/plans-product-image-essential.jpg\",\"width\":2560,\"height\":2560},{\"@type\":\"BreadcrumbList\",\"@id\":\"https:\/\/biofolic.dk\/en\/behandlingsplan-mod-h%C3%A5rtab-essential-til-kvinder\/#breadcrumb\",\"itemListElement\":[{\"@type\":\"ListItem\",\"position\":1,\"name\":\"Hjem\",\"item\":\"https:\/\/biofolic.dk\/\"},{\"@type\":\"ListItem\",\"position\":2,\"name\":\"Essential\"}]},{\"@type\":\"WebSite\",\"@id\":\"https:\/\/biofolic.dk\/en\/#website\",\"url\":\"https:\/\/biofolic.dk\/en\/\",\"name\":\"Biofolic\",\"description\":\"Hairgrowth Center\",\"potentialAction\":[{\"@type\":\"SearchAction\",\"target\":{\"@type\":\"EntryPoint\",\"urlTemplate\":\"https:\/\/biofolic.dk\/en\/?s={search_term_string}\"},\"query-input\":{\"@type\":\"PropertyValueSpecification\",\"valueRequired\":true,\"valueName\":\"search_term_string\"}}],\"inLanguage\":\"en-US\"}]}<\/script>\n<!-- \/ Yoast SEO plugin. -->","yoast_head_json":{"title":"Behandlingsplan Mod H\u00e5rtab - Biofolic Essential Til Kvinder","description":"Biofolic\u00ae Essential er en specialiseret 12-m\u00e5neders behandlingsplan, som giver en intensiv h\u00e5rbehandling for en fornyet og kraftigere h\u00e5rv\u00e6kst.","robots":{"index":"index","follow":"follow","max-snippet":"max-snippet:-1","max-image-preview":"max-image-preview:large","max-video-preview":"max-video-preview:-1"},"canonical":"https:\/\/biofolic.dk\/en\/behandlingsplan-mod-h\u00e5rtab-essential-til-kvinder\/","og_locale":"en_US","og_type":"article","og_title":"Behandlingsplan Mod H\u00e5rtab - Biofolic Essential Til Kvinder","og_description":"Biofolic\u00ae Essential er en specialiseret 12-m\u00e5neders behandlingsplan, som giver en intensiv h\u00e5rbehandling for en fornyet og kraftigere h\u00e5rv\u00e6kst.","og_url":"https:\/\/biofolic.dk\/en\/behandlingsplan-mod-h\u00e5rtab-essential-til-kvinder\/","og_site_name":"Biofolic","article_modified_time":"2024-03-02T20:49:42+00:00","og_image":[{"width":2560,"height":2560,"url":"https:\/\/biofolic.dk\/wp-content\/uploads\/2022\/08\/plans-product-image-essential.jpg","type":"image\/jpeg"}],"twitter_card":"summary_large_image","schema":{"@context":"https:\/\/schema.org","@graph":[{"@type":"WebPage","@id":"https:\/\/biofolic.dk\/en\/behandlingsplan-mod-h%C3%A5rtab-essential-til-kvinder\/","url":"https:\/\/biofolic.dk\/en\/behandlingsplan-mod-h%C3%A5rtab-essential-til-kvinder\/","name":"Behandlingsplan Mod H\u00e5rtab - Biofolic Essential Til Kvinder","isPartOf":{"@id":"https:\/\/biofolic.dk\/en\/#website"},"primaryImageOfPage":{"@id":"https:\/\/biofolic.dk\/en\/behandlingsplan-mod-h%C3%A5rtab-essential-til-kvinder\/#primaryimage"},"image":{"@id":"https:\/\/biofolic.dk\/en\/behandlingsplan-mod-h%C3%A5rtab-essential-til-kvinder\/#primaryimage"},"thumbnailUrl":"https:\/\/biofolic.dk\/wp-content\/uploads\/2022\/08\/plans-product-image-essential.jpg","datePublished":"2023-04-27T07:56:50+00:00","dateModified":"2024-03-02T20:49:42+00:00","description":"Biofolic\u00ae Essential er en specialiseret 12-m\u00e5neders behandlingsplan, som giver en intensiv h\u00e5rbehandling for en fornyet og kraftigere h\u00e5rv\u00e6kst.","breadcrumb":{"@id":"https:\/\/biofolic.dk\/en\/behandlingsplan-mod-h%C3%A5rtab-essential-til-kvinder\/#breadcrumb"},"inLanguage":"en-US","potentialAction":[{"@type":"ReadAction","target":["https:\/\/biofolic.dk\/en\/behandlingsplan-mod-h%C3%A5rtab-essential-til-kvinder\/"]}]},{"@type":"ImageObject","inLanguage":"en-US","@id":"https:\/\/biofolic.dk\/en\/behandlingsplan-mod-h%C3%A5rtab-essential-til-kvinder\/#primaryimage","url":"https:\/\/biofolic.dk\/wp-content\/uploads\/2022\/08\/plans-product-image-essential.jpg","contentUrl":"https:\/\/biofolic.dk\/wp-content\/uploads\/2022\/08\/plans-product-image-essential.jpg","width":2560,"height":2560},{"@type":"BreadcrumbList","@id":"https:\/\/biofolic.dk\/en\/behandlingsplan-mod-h%C3%A5rtab-essential-til-kvinder\/#breadcrumb","itemListElement":[{"@type":"ListItem","position":1,"name":"Hjem","item":"https:\/\/biofolic.dk\/"},{"@type":"ListItem","position":2,"name":"Essential"}]},{"@type":"WebSite","@id":"https:\/\/biofolic.dk\/en\/#website","url":"https:\/\/biofolic.dk\/en\/","name":"Biofolic","description":"Hairgrowth Center","potentialAction":[{"@type":"SearchAction","target":{"@type":"EntryPoint","urlTemplate":"https:\/\/biofolic.dk\/en\/?s={search_term_string}"},"query-input":{"@type":"PropertyValueSpecification","valueRequired":true,"valueName":"search_term_string"}}],"inLanguage":"en-US"}]}},"_links":{"self":[{"href":"https:\/\/biofolic.dk\/en\/wp-json\/wp\/v2\/product\/5732","targetHints":{"allow":["GET"]}}],"collection":[{"href":"https:\/\/biofolic.dk\/en\/wp-json\/wp\/v2\/product"}],"about":[{"href":"https:\/\/biofolic.dk\/en\/wp-json\/wp\/v2\/types\/product"}],"wp:featuredmedia":[{"embeddable":true,"href":"https:\/\/biofolic.dk\/en\/wp-json\/wp\/v2\/media\/4245"}],"wp:attachment":[{"href":"https:\/\/biofolic.dk\/en\/wp-json\/wp\/v2\/media?parent=5732"}],"wp:term":[{"taxonomy":"product_brand","embeddable":true,"href":"https:\/\/biofolic.dk\/en\/wp-json\/wp\/v2\/product_brand?post=5732"},{"taxonomy":"product_cat","embeddable":true,"href":"https:\/\/biofolic.dk\/en\/wp-json\/wp\/v2\/product_cat?post=5732"},{"taxonomy":"product_tag","embeddable":true,"href":"https:\/\/biofolic.dk\/en\/wp-json\/wp\/v2\/product_tag?post=5732"},{"taxonomy":"product_gender","embeddable":true,"href":"https:\/\/biofolic.dk\/en\/wp-json\/wp\/v2\/product_gender?post=5732"}],"curies":[{"name":"wp","href":"https:\/\/api.w.org\/{rel}","templated":true}]}}