{"id":4782,"date":"2022-11-04T16:57:05","date_gmt":"2022-11-04T16:57:05","guid":{"rendered":"https:\/\/biofolic.dk\/?post_type=product&#038;p=4782"},"modified":"2025-05-19T11:14:55","modified_gmt":"2025-05-19T11:14:55","slug":"haartab-haarvaekst-kit-kvinder","status":"publish","type":"product","link":"https:\/\/biofolic.dk\/en\/h%C3%A5rv%C3%A6kst-kit-til-kvinder\/","title":{"rendered":"H\u00e5rv\u00e6kst-kit til kvinder"},"content":{"rendered":"","protected":false},"excerpt":{"rendered":"<p>Cras consequat scelerisque tellus. Sed malesuada malesuada enim, nec dictum lectus rutrum egestas. Praesent facilisis vulputate arcu, ut finibus lacus finibus ultrices. Morbi nec pharetra dui, quis finibus sem. Fusce magna sem, sagittis quis iaculis vitae, mollis id mauris.<\/p>","protected":false},"featured_media":4784,"template":"","meta":[],"product_brand":[],"product_cat":[17],"product_tag":[],"product_gender":[34],"class_list":{"0":"post-4782","1":"product","2":"type-product","3":"status-publish","4":"has-post-thumbnail","6":"product_cat-haarvaekst-produkter","7":"product_gender-kvinder","9":"first","10":"instock","11":"sold-individually","12":"taxable","13":"shipping-taxable","14":"purchasable","15":"product-type-variable-subscription"},"bundled_by":[],"bundle_stock_status":"instock","bundle_stock_quantity":null,"bundle_virtual":false,"bundle_layout":"","bundle_add_to_cart_form_location":"","bundle_editable_in_cart":false,"bundle_sold_individually_context":"","bundle_item_grouping":"","bundle_min_size":"","bundle_max_size":"","bundle_price":[],"bundled_items":[],"bundle_sell_ids":[],"acf":[],"yoast_head":"<!-- This site is optimized with the Yoast SEO plugin v25.4 - https:\/\/yoast.com\/wordpress\/plugins\/seo\/ -->\n<title>H\u00e5rv\u00e6kst kit til kvinder - Biofolic Lab<\/title>\n<meta name=\"description\" content=\"Giv dit h\u00e5r pleje og brems dit h\u00e5rtab med Biofolic\u00ae H\u00e5rv\u00e6kst kit til kvinder. Den rigtige kombination til at f\u00e5 st\u00e6rkt, sundt og fyldigt h\u00e5r igen.\" \/>\n<meta name=\"robots\" content=\"index, follow, max-snippet:-1, max-image-preview:large, max-video-preview:-1\" \/>\n<link rel=\"canonical\" href=\"https:\/\/biofolic.dk\/en\/h\u00e5rv\u00e6kst-kit-til-kvinder\/\" \/>\n<meta property=\"og:locale\" content=\"en_US\" \/>\n<meta property=\"og:type\" content=\"article\" \/>\n<meta property=\"og:title\" content=\"H\u00e5rv\u00e6kst kit til kvinder - Biofolic Lab\" \/>\n<meta property=\"og:description\" content=\"Giv dit h\u00e5r pleje og brems dit h\u00e5rtab med Biofolic\u00ae H\u00e5rv\u00e6kst kit til kvinder. Den rigtige kombination til at f\u00e5 st\u00e6rkt, sundt og fyldigt h\u00e5r igen.\" \/>\n<meta property=\"og:url\" content=\"https:\/\/biofolic.dk\/en\/h\u00e5rv\u00e6kst-kit-til-kvinder\/\" \/>\n<meta property=\"og:site_name\" content=\"Biofolic\" \/>\n<meta property=\"article:modified_time\" content=\"2025-05-19T11:14:55+00:00\" \/>\n<meta property=\"og:image\" content=\"https:\/\/biofolic.dk\/wp-content\/uploads\/2022\/11\/biofolic-hartab-hair-growth-kit-til-kvinder.jpg\" \/>\n\t<meta property=\"og:image:width\" content=\"1176\" \/>\n\t<meta property=\"og:image:height\" content=\"1036\" \/>\n\t<meta property=\"og:image:type\" content=\"image\/jpeg\" \/>\n<meta name=\"twitter:card\" content=\"summary_large_image\" \/>\n<meta name=\"twitter:label1\" content=\"Est. reading time\" \/>\n\t<meta name=\"twitter:data1\" content=\"1 minute\" \/>\n<script type=\"application\/ld+json\" class=\"yoast-schema-graph\">{\"@context\":\"https:\/\/schema.org\",\"@graph\":[{\"@type\":\"WebPage\",\"@id\":\"https:\/\/biofolic.dk\/en\/h%C3%A5rv%C3%A6kst-kit-til-kvinder\/\",\"url\":\"https:\/\/biofolic.dk\/en\/h%C3%A5rv%C3%A6kst-kit-til-kvinder\/\",\"name\":\"H\u00e5rv\u00e6kst kit til kvinder - Biofolic Lab\",\"isPartOf\":{\"@id\":\"https:\/\/biofolic.dk\/en\/#website\"},\"primaryImageOfPage\":{\"@id\":\"https:\/\/biofolic.dk\/en\/h%C3%A5rv%C3%A6kst-kit-til-kvinder\/#primaryimage\"},\"image\":{\"@id\":\"https:\/\/biofolic.dk\/en\/h%C3%A5rv%C3%A6kst-kit-til-kvinder\/#primaryimage\"},\"thumbnailUrl\":\"https:\/\/biofolic.dk\/wp-content\/uploads\/2022\/11\/biofolic-hartab-hair-growth-kit-til-kvinder.jpg\",\"datePublished\":\"2022-11-04T16:57:05+00:00\",\"dateModified\":\"2025-05-19T11:14:55+00:00\",\"description\":\"Giv dit h\u00e5r pleje og brems dit h\u00e5rtab med Biofolic\u00ae H\u00e5rv\u00e6kst kit til kvinder. Den rigtige kombination til at f\u00e5 st\u00e6rkt, sundt og fyldigt h\u00e5r igen.\",\"breadcrumb\":{\"@id\":\"https:\/\/biofolic.dk\/en\/h%C3%A5rv%C3%A6kst-kit-til-kvinder\/#breadcrumb\"},\"inLanguage\":\"en-US\",\"potentialAction\":[{\"@type\":\"ReadAction\",\"target\":[\"https:\/\/biofolic.dk\/en\/h%C3%A5rv%C3%A6kst-kit-til-kvinder\/\"]}]},{\"@type\":\"ImageObject\",\"inLanguage\":\"en-US\",\"@id\":\"https:\/\/biofolic.dk\/en\/h%C3%A5rv%C3%A6kst-kit-til-kvinder\/#primaryimage\",\"url\":\"https:\/\/biofolic.dk\/wp-content\/uploads\/2022\/11\/biofolic-hartab-hair-growth-kit-til-kvinder.jpg\",\"contentUrl\":\"https:\/\/biofolic.dk\/wp-content\/uploads\/2022\/11\/biofolic-hartab-hair-growth-kit-til-kvinder.jpg\",\"width\":1176,\"height\":1036,\"caption\":\"biofolic hartab hair growth kit til kvinder\"},{\"@type\":\"BreadcrumbList\",\"@id\":\"https:\/\/biofolic.dk\/en\/h%C3%A5rv%C3%A6kst-kit-til-kvinder\/#breadcrumb\",\"itemListElement\":[{\"@type\":\"ListItem\",\"position\":1,\"name\":\"Hjem\",\"item\":\"https:\/\/biofolic.dk\/\"},{\"@type\":\"ListItem\",\"position\":2,\"name\":\"H\u00e5rv\u00e6kst-kit til kvinder\"}]},{\"@type\":\"WebSite\",\"@id\":\"https:\/\/biofolic.dk\/en\/#website\",\"url\":\"https:\/\/biofolic.dk\/en\/\",\"name\":\"Biofolic\",\"description\":\"Hairgrowth Center\",\"potentialAction\":[{\"@type\":\"SearchAction\",\"target\":{\"@type\":\"EntryPoint\",\"urlTemplate\":\"https:\/\/biofolic.dk\/en\/?s={search_term_string}\"},\"query-input\":{\"@type\":\"PropertyValueSpecification\",\"valueRequired\":true,\"valueName\":\"search_term_string\"}}],\"inLanguage\":\"en-US\"}]}<\/script>\n<!-- \/ Yoast SEO plugin. -->","yoast_head_json":{"title":"H\u00e5rv\u00e6kst kit til kvinder - Biofolic Lab","description":"Giv dit h\u00e5r pleje og brems dit h\u00e5rtab med Biofolic\u00ae H\u00e5rv\u00e6kst kit til kvinder. Den rigtige kombination til at f\u00e5 st\u00e6rkt, sundt og fyldigt h\u00e5r igen.","robots":{"index":"index","follow":"follow","max-snippet":"max-snippet:-1","max-image-preview":"max-image-preview:large","max-video-preview":"max-video-preview:-1"},"canonical":"https:\/\/biofolic.dk\/en\/h\u00e5rv\u00e6kst-kit-til-kvinder\/","og_locale":"en_US","og_type":"article","og_title":"H\u00e5rv\u00e6kst kit til kvinder - Biofolic Lab","og_description":"Giv dit h\u00e5r pleje og brems dit h\u00e5rtab med Biofolic\u00ae H\u00e5rv\u00e6kst kit til kvinder. Den rigtige kombination til at f\u00e5 st\u00e6rkt, sundt og fyldigt h\u00e5r igen.","og_url":"https:\/\/biofolic.dk\/en\/h\u00e5rv\u00e6kst-kit-til-kvinder\/","og_site_name":"Biofolic","article_modified_time":"2025-05-19T11:14:55+00:00","og_image":[{"width":1176,"height":1036,"url":"https:\/\/biofolic.dk\/wp-content\/uploads\/2022\/11\/biofolic-hartab-hair-growth-kit-til-kvinder.jpg","type":"image\/jpeg"}],"twitter_card":"summary_large_image","twitter_misc":{"Est. reading time":"1 minute"},"schema":{"@context":"https:\/\/schema.org","@graph":[{"@type":"WebPage","@id":"https:\/\/biofolic.dk\/en\/h%C3%A5rv%C3%A6kst-kit-til-kvinder\/","url":"https:\/\/biofolic.dk\/en\/h%C3%A5rv%C3%A6kst-kit-til-kvinder\/","name":"H\u00e5rv\u00e6kst kit til kvinder - Biofolic Lab","isPartOf":{"@id":"https:\/\/biofolic.dk\/en\/#website"},"primaryImageOfPage":{"@id":"https:\/\/biofolic.dk\/en\/h%C3%A5rv%C3%A6kst-kit-til-kvinder\/#primaryimage"},"image":{"@id":"https:\/\/biofolic.dk\/en\/h%C3%A5rv%C3%A6kst-kit-til-kvinder\/#primaryimage"},"thumbnailUrl":"https:\/\/biofolic.dk\/wp-content\/uploads\/2022\/11\/biofolic-hartab-hair-growth-kit-til-kvinder.jpg","datePublished":"2022-11-04T16:57:05+00:00","dateModified":"2025-05-19T11:14:55+00:00","description":"Giv dit h\u00e5r pleje og brems dit h\u00e5rtab med Biofolic\u00ae H\u00e5rv\u00e6kst kit til kvinder. Den rigtige kombination til at f\u00e5 st\u00e6rkt, sundt og fyldigt h\u00e5r igen.","breadcrumb":{"@id":"https:\/\/biofolic.dk\/en\/h%C3%A5rv%C3%A6kst-kit-til-kvinder\/#breadcrumb"},"inLanguage":"en-US","potentialAction":[{"@type":"ReadAction","target":["https:\/\/biofolic.dk\/en\/h%C3%A5rv%C3%A6kst-kit-til-kvinder\/"]}]},{"@type":"ImageObject","inLanguage":"en-US","@id":"https:\/\/biofolic.dk\/en\/h%C3%A5rv%C3%A6kst-kit-til-kvinder\/#primaryimage","url":"https:\/\/biofolic.dk\/wp-content\/uploads\/2022\/11\/biofolic-hartab-hair-growth-kit-til-kvinder.jpg","contentUrl":"https:\/\/biofolic.dk\/wp-content\/uploads\/2022\/11\/biofolic-hartab-hair-growth-kit-til-kvinder.jpg","width":1176,"height":1036,"caption":"biofolic hartab hair growth kit til kvinder"},{"@type":"BreadcrumbList","@id":"https:\/\/biofolic.dk\/en\/h%C3%A5rv%C3%A6kst-kit-til-kvinder\/#breadcrumb","itemListElement":[{"@type":"ListItem","position":1,"name":"Hjem","item":"https:\/\/biofolic.dk\/"},{"@type":"ListItem","position":2,"name":"H\u00e5rv\u00e6kst-kit til kvinder"}]},{"@type":"WebSite","@id":"https:\/\/biofolic.dk\/en\/#website","url":"https:\/\/biofolic.dk\/en\/","name":"Biofolic","description":"Hairgrowth Center","potentialAction":[{"@type":"SearchAction","target":{"@type":"EntryPoint","urlTemplate":"https:\/\/biofolic.dk\/en\/?s={search_term_string}"},"query-input":{"@type":"PropertyValueSpecification","valueRequired":true,"valueName":"search_term_string"}}],"inLanguage":"en-US"}]}},"_links":{"self":[{"href":"https:\/\/biofolic.dk\/en\/wp-json\/wp\/v2\/product\/4782","targetHints":{"allow":["GET"]}}],"collection":[{"href":"https:\/\/biofolic.dk\/en\/wp-json\/wp\/v2\/product"}],"about":[{"href":"https:\/\/biofolic.dk\/en\/wp-json\/wp\/v2\/types\/product"}],"wp:featuredmedia":[{"embeddable":true,"href":"https:\/\/biofolic.dk\/en\/wp-json\/wp\/v2\/media\/4784"}],"wp:attachment":[{"href":"https:\/\/biofolic.dk\/en\/wp-json\/wp\/v2\/media?parent=4782"}],"wp:term":[{"taxonomy":"product_brand","embeddable":true,"href":"https:\/\/biofolic.dk\/en\/wp-json\/wp\/v2\/product_brand?post=4782"},{"taxonomy":"product_cat","embeddable":true,"href":"https:\/\/biofolic.dk\/en\/wp-json\/wp\/v2\/product_cat?post=4782"},{"taxonomy":"product_tag","embeddable":true,"href":"https:\/\/biofolic.dk\/en\/wp-json\/wp\/v2\/product_tag?post=4782"},{"taxonomy":"product_gender","embeddable":true,"href":"https:\/\/biofolic.dk\/en\/wp-json\/wp\/v2\/product_gender?post=4782"}],"curies":[{"name":"wp","href":"https:\/\/api.w.org\/{rel}","templated":true}]}}