{"id":472,"date":"2022-07-15T14:51:22","date_gmt":"2022-07-15T14:51:22","guid":{"rendered":"http:\/\/biofolic.local\/?post_type=product&#038;p=472"},"modified":"2024-03-02T20:48:03","modified_gmt":"2024-03-02T20:48:03","slug":"haartab-behandlingsplan-essential","status":"publish","type":"product","link":"https:\/\/biofolic.dk\/en\/behandlingsplan-mod-h%C3%A5rtab-essential-til-m%C3%A6nd\/","title":{"rendered":"Essential"},"content":{"rendered":"","protected":false},"excerpt":{"rendered":"","protected":false},"featured_media":4245,"template":"","meta":[],"product_brand":[],"product_cat":[19],"product_tag":[],"product_gender":[32],"class_list":{"0":"post-472","1":"product","2":"type-product","3":"status-publish","4":"has-post-thumbnail","6":"product_cat-behandlingsplaner-mod-haartab","7":"product_shipping_class-free-shipping","8":"product_gender-maend","9":"has-subscription-plans","11":"first","12":"instock","13":"sold-individually","14":"taxable","15":"shipping-taxable","16":"purchasable","17":"product-type-bundle"},"bundled_by":[],"bundle_stock_status":"instock","bundle_stock_quantity":"","bundle_virtual":false,"bundle_layout":"default","bundle_add_to_cart_form_location":"default","bundle_editable_in_cart":false,"bundle_sold_individually_context":"product","bundle_item_grouping":"parent","bundle_min_size":"","bundle_max_size":"","bundle_price":{"price":{"min":{"incl_tax":"1989","excl_tax":"1591.2"},"max":{"incl_tax":"1989","excl_tax":"1591.2"}},"regular_price":{"min":{"incl_tax":"1989","excl_tax":"1591.2"},"max":{"incl_tax":"1989","excl_tax":"1591.2"}}},"bundled_items":[{"bundled_item_id":28,"product_id":4285,"menu_order":0,"quantity_min":1,"quantity_max":1,"quantity_default":1,"priced_individually":false,"shipped_individually":true,"override_title":false,"title":"Halv\u00e5rstjek","override_description":false,"description":"","optional":false,"hide_thumbnail":false,"discount":"","override_variations":false,"allowed_variations":[],"override_default_variation_attributes":false,"default_variation_attributes":[],"single_product_visibility":"hidden","cart_visibility":"hidden","order_visibility":"hidden","single_product_price_visibility":"visible","cart_price_visibility":"visible","order_price_visibility":"visible","stock_status":"in_stock"},{"bundled_item_id":29,"product_id":4673,"menu_order":1,"quantity_min":1,"quantity_max":1,"quantity_default":1,"priced_individually":false,"shipped_individually":true,"override_title":false,"title":"DNA-test","override_description":false,"description":"","optional":false,"hide_thumbnail":false,"discount":"","override_variations":false,"allowed_variations":[],"override_default_variation_attributes":false,"default_variation_attributes":[],"single_product_visibility":"hidden","cart_visibility":"hidden","order_visibility":"hidden","single_product_price_visibility":"visible","cart_price_visibility":"visible","order_price_visibility":"visible","stock_status":"in_stock"},{"bundled_item_id":30,"product_id":4283,"menu_order":2,"quantity_min":1,"quantity_max":1,"quantity_default":1,"priced_individually":false,"shipped_individually":true,"override_title":false,"title":"Forunders\u00f8gelse hos h\u00e5rspecialist","override_description":false,"description":"","optional":false,"hide_thumbnail":false,"discount":"","override_variations":false,"allowed_variations":[],"override_default_variation_attributes":false,"default_variation_attributes":[],"single_product_visibility":"hidden","cart_visibility":"hidden","order_visibility":"hidden","single_product_price_visibility":"visible","cart_price_visibility":"visible","order_price_visibility":"visible","stock_status":"in_stock"},{"bundled_item_id":33,"product_id":4665,"menu_order":3,"quantity_min":1,"quantity_max":1,"quantity_default":1,"priced_individually":false,"shipped_individually":true,"override_title":false,"title":"Kosttilskud mod h\u00e5rtab","override_description":false,"description":"","optional":false,"hide_thumbnail":false,"discount":"","override_variations":false,"allowed_variations":[],"override_default_variation_attributes":false,"default_variation_attributes":[],"single_product_visibility":"hidden","cart_visibility":"hidden","order_visibility":"hidden","single_product_price_visibility":"visible","cart_price_visibility":"visible","order_price_visibility":"visible","stock_status":"in_stock"},{"bundled_item_id":47,"product_id":5707,"menu_order":4,"quantity_min":1,"quantity_max":1,"quantity_default":1,"priced_individually":false,"shipped_individually":true,"override_title":false,"title":"H\u00e5rv\u00e6kst shampoo til m\u00e6nd","override_description":false,"description":"","optional":false,"hide_thumbnail":false,"discount":"","override_variations":false,"allowed_variations":[],"override_default_variation_attributes":false,"default_variation_attributes":[],"single_product_visibility":"hidden","cart_visibility":"hidden","order_visibility":"hidden","single_product_price_visibility":"visible","cart_price_visibility":"visible","order_price_visibility":"visible","stock_status":"in_stock"},{"bundled_item_id":48,"product_id":5719,"menu_order":5,"quantity_min":1,"quantity_max":1,"quantity_default":1,"priced_individually":false,"shipped_individually":true,"override_title":false,"title":"H\u00e5rv\u00e6kst serum","override_description":false,"description":"","optional":false,"hide_thumbnail":false,"discount":"","override_variations":false,"allowed_variations":[],"override_default_variation_attributes":false,"default_variation_attributes":[],"single_product_visibility":"hidden","cart_visibility":"hidden","order_visibility":"hidden","single_product_price_visibility":"visible","cart_price_visibility":"visible","order_price_visibility":"visible","stock_status":"in_stock"},{"bundled_item_id":43,"product_id":5545,"menu_order":6,"quantity_min":5,"quantity_max":5,"quantity_default":5,"priced_individually":false,"shipped_individually":false,"override_title":false,"title":"Mesoterapi","override_description":false,"description":"","optional":false,"hide_thumbnail":false,"discount":"","override_variations":false,"allowed_variations":[],"override_default_variation_attributes":false,"default_variation_attributes":[],"single_product_visibility":"hidden","cart_visibility":"hidden","order_visibility":"hidden","single_product_price_visibility":"visible","cart_price_visibility":"visible","order_price_visibility":"visible","stock_status":"in_stock"},{"bundled_item_id":46,"product_id":5546,"menu_order":7,"quantity_min":5,"quantity_max":5,"quantity_default":5,"priced_individually":false,"shipped_individually":false,"override_title":false,"title":"Vampyr Behandling","override_description":false,"description":"","optional":false,"hide_thumbnail":false,"discount":"","override_variations":false,"allowed_variations":[],"override_default_variation_attributes":false,"default_variation_attributes":[],"single_product_visibility":"hidden","cart_visibility":"hidden","order_visibility":"hidden","single_product_price_visibility":"visible","cart_price_visibility":"visible","order_price_visibility":"visible","stock_status":"in_stock"}],"bundle_sell_ids":[],"acf":[],"yoast_head":"<!-- This site is optimized with the Yoast SEO plugin v25.4 - https:\/\/yoast.com\/wordpress\/plugins\/seo\/ -->\n<title>Behandlingsplaner Mod H\u00e5rtab - Biofolic Essential Til M\u00e6nd<\/title>\n<meta name=\"description\" content=\"Biofolic\u00ae Essential er en specialiseret h\u00e5rbehandlingsplan, der bremser igangv\u00e6rende h\u00e5rtab og aktiverer genv\u00e6kst i h\u00e5rr\u00f8dderne.\" \/>\n<meta name=\"robots\" content=\"index, follow, max-snippet:-1, max-image-preview:large, max-video-preview:-1\" \/>\n<link rel=\"canonical\" href=\"https:\/\/biofolic.dk\/en\/behandlingsplan-mod-h\u00e5rtab-essential-til-m\u00e6nd\/\" \/>\n<meta property=\"og:locale\" content=\"en_US\" \/>\n<meta property=\"og:type\" content=\"article\" \/>\n<meta property=\"og:title\" content=\"Behandlingsplaner Mod H\u00e5rtab - Biofolic Essential Til M\u00e6nd\" \/>\n<meta property=\"og:description\" content=\"Biofolic\u00ae Essential er en specialiseret h\u00e5rbehandlingsplan, der bremser igangv\u00e6rende h\u00e5rtab og aktiverer genv\u00e6kst i h\u00e5rr\u00f8dderne.\" \/>\n<meta property=\"og:url\" content=\"https:\/\/biofolic.dk\/en\/behandlingsplan-mod-h\u00e5rtab-essential-til-m\u00e6nd\/\" \/>\n<meta property=\"og:site_name\" content=\"Biofolic\" \/>\n<meta property=\"article:modified_time\" content=\"2024-03-02T20:48:03+00:00\" \/>\n<meta property=\"og:image\" content=\"https:\/\/biofolic.dk\/wp-content\/uploads\/2022\/08\/plans-product-image-essential.jpg\" \/>\n\t<meta property=\"og:image:width\" content=\"2560\" \/>\n\t<meta property=\"og:image:height\" content=\"2560\" \/>\n\t<meta property=\"og:image:type\" content=\"image\/jpeg\" \/>\n<meta name=\"twitter:card\" content=\"summary_large_image\" \/>\n<script type=\"application\/ld+json\" class=\"yoast-schema-graph\">{\"@context\":\"https:\/\/schema.org\",\"@graph\":[{\"@type\":\"WebPage\",\"@id\":\"https:\/\/biofolic.dk\/en\/behandlingsplan-mod-h%C3%A5rtab-essential-til-m%C3%A6nd\/\",\"url\":\"https:\/\/biofolic.dk\/en\/behandlingsplan-mod-h%C3%A5rtab-essential-til-m%C3%A6nd\/\",\"name\":\"Behandlingsplaner Mod H\u00e5rtab - Biofolic Essential Til M\u00e6nd\",\"isPartOf\":{\"@id\":\"https:\/\/biofolic.dk\/en\/#website\"},\"primaryImageOfPage\":{\"@id\":\"https:\/\/biofolic.dk\/en\/behandlingsplan-mod-h%C3%A5rtab-essential-til-m%C3%A6nd\/#primaryimage\"},\"image\":{\"@id\":\"https:\/\/biofolic.dk\/en\/behandlingsplan-mod-h%C3%A5rtab-essential-til-m%C3%A6nd\/#primaryimage\"},\"thumbnailUrl\":\"https:\/\/biofolic.dk\/wp-content\/uploads\/2022\/08\/plans-product-image-essential.jpg\",\"datePublished\":\"2022-07-15T14:51:22+00:00\",\"dateModified\":\"2024-03-02T20:48:03+00:00\",\"description\":\"Biofolic\u00ae Essential er en specialiseret h\u00e5rbehandlingsplan, der bremser igangv\u00e6rende h\u00e5rtab og aktiverer genv\u00e6kst i h\u00e5rr\u00f8dderne.\",\"breadcrumb\":{\"@id\":\"https:\/\/biofolic.dk\/en\/behandlingsplan-mod-h%C3%A5rtab-essential-til-m%C3%A6nd\/#breadcrumb\"},\"inLanguage\":\"en-US\",\"potentialAction\":[{\"@type\":\"ReadAction\",\"target\":[\"https:\/\/biofolic.dk\/en\/behandlingsplan-mod-h%C3%A5rtab-essential-til-m%C3%A6nd\/\"]}]},{\"@type\":\"ImageObject\",\"inLanguage\":\"en-US\",\"@id\":\"https:\/\/biofolic.dk\/en\/behandlingsplan-mod-h%C3%A5rtab-essential-til-m%C3%A6nd\/#primaryimage\",\"url\":\"https:\/\/biofolic.dk\/wp-content\/uploads\/2022\/08\/plans-product-image-essential.jpg\",\"contentUrl\":\"https:\/\/biofolic.dk\/wp-content\/uploads\/2022\/08\/plans-product-image-essential.jpg\",\"width\":2560,\"height\":2560},{\"@type\":\"BreadcrumbList\",\"@id\":\"https:\/\/biofolic.dk\/en\/behandlingsplan-mod-h%C3%A5rtab-essential-til-m%C3%A6nd\/#breadcrumb\",\"itemListElement\":[{\"@type\":\"ListItem\",\"position\":1,\"name\":\"Hjem\",\"item\":\"https:\/\/biofolic.dk\/\"},{\"@type\":\"ListItem\",\"position\":2,\"name\":\"Essential\"}]},{\"@type\":\"WebSite\",\"@id\":\"https:\/\/biofolic.dk\/en\/#website\",\"url\":\"https:\/\/biofolic.dk\/en\/\",\"name\":\"Biofolic\",\"description\":\"Hairgrowth Center\",\"potentialAction\":[{\"@type\":\"SearchAction\",\"target\":{\"@type\":\"EntryPoint\",\"urlTemplate\":\"https:\/\/biofolic.dk\/en\/?s={search_term_string}\"},\"query-input\":{\"@type\":\"PropertyValueSpecification\",\"valueRequired\":true,\"valueName\":\"search_term_string\"}}],\"inLanguage\":\"en-US\"}]}<\/script>\n<!-- \/ Yoast SEO plugin. -->","yoast_head_json":{"title":"Behandlingsplaner Mod H\u00e5rtab - Biofolic Essential Til M\u00e6nd","description":"Biofolic\u00ae Essential er en specialiseret h\u00e5rbehandlingsplan, der bremser igangv\u00e6rende h\u00e5rtab og aktiverer genv\u00e6kst i h\u00e5rr\u00f8dderne.","robots":{"index":"index","follow":"follow","max-snippet":"max-snippet:-1","max-image-preview":"max-image-preview:large","max-video-preview":"max-video-preview:-1"},"canonical":"https:\/\/biofolic.dk\/en\/behandlingsplan-mod-h\u00e5rtab-essential-til-m\u00e6nd\/","og_locale":"en_US","og_type":"article","og_title":"Behandlingsplaner Mod H\u00e5rtab - Biofolic Essential Til M\u00e6nd","og_description":"Biofolic\u00ae Essential er en specialiseret h\u00e5rbehandlingsplan, der bremser igangv\u00e6rende h\u00e5rtab og aktiverer genv\u00e6kst i h\u00e5rr\u00f8dderne.","og_url":"https:\/\/biofolic.dk\/en\/behandlingsplan-mod-h\u00e5rtab-essential-til-m\u00e6nd\/","og_site_name":"Biofolic","article_modified_time":"2024-03-02T20:48:03+00:00","og_image":[{"width":2560,"height":2560,"url":"https:\/\/biofolic.dk\/wp-content\/uploads\/2022\/08\/plans-product-image-essential.jpg","type":"image\/jpeg"}],"twitter_card":"summary_large_image","schema":{"@context":"https:\/\/schema.org","@graph":[{"@type":"WebPage","@id":"https:\/\/biofolic.dk\/en\/behandlingsplan-mod-h%C3%A5rtab-essential-til-m%C3%A6nd\/","url":"https:\/\/biofolic.dk\/en\/behandlingsplan-mod-h%C3%A5rtab-essential-til-m%C3%A6nd\/","name":"Behandlingsplaner Mod H\u00e5rtab - Biofolic Essential Til M\u00e6nd","isPartOf":{"@id":"https:\/\/biofolic.dk\/en\/#website"},"primaryImageOfPage":{"@id":"https:\/\/biofolic.dk\/en\/behandlingsplan-mod-h%C3%A5rtab-essential-til-m%C3%A6nd\/#primaryimage"},"image":{"@id":"https:\/\/biofolic.dk\/en\/behandlingsplan-mod-h%C3%A5rtab-essential-til-m%C3%A6nd\/#primaryimage"},"thumbnailUrl":"https:\/\/biofolic.dk\/wp-content\/uploads\/2022\/08\/plans-product-image-essential.jpg","datePublished":"2022-07-15T14:51:22+00:00","dateModified":"2024-03-02T20:48:03+00:00","description":"Biofolic\u00ae Essential er en specialiseret h\u00e5rbehandlingsplan, der bremser igangv\u00e6rende h\u00e5rtab og aktiverer genv\u00e6kst i h\u00e5rr\u00f8dderne.","breadcrumb":{"@id":"https:\/\/biofolic.dk\/en\/behandlingsplan-mod-h%C3%A5rtab-essential-til-m%C3%A6nd\/#breadcrumb"},"inLanguage":"en-US","potentialAction":[{"@type":"ReadAction","target":["https:\/\/biofolic.dk\/en\/behandlingsplan-mod-h%C3%A5rtab-essential-til-m%C3%A6nd\/"]}]},{"@type":"ImageObject","inLanguage":"en-US","@id":"https:\/\/biofolic.dk\/en\/behandlingsplan-mod-h%C3%A5rtab-essential-til-m%C3%A6nd\/#primaryimage","url":"https:\/\/biofolic.dk\/wp-content\/uploads\/2022\/08\/plans-product-image-essential.jpg","contentUrl":"https:\/\/biofolic.dk\/wp-content\/uploads\/2022\/08\/plans-product-image-essential.jpg","width":2560,"height":2560},{"@type":"BreadcrumbList","@id":"https:\/\/biofolic.dk\/en\/behandlingsplan-mod-h%C3%A5rtab-essential-til-m%C3%A6nd\/#breadcrumb","itemListElement":[{"@type":"ListItem","position":1,"name":"Hjem","item":"https:\/\/biofolic.dk\/"},{"@type":"ListItem","position":2,"name":"Essential"}]},{"@type":"WebSite","@id":"https:\/\/biofolic.dk\/en\/#website","url":"https:\/\/biofolic.dk\/en\/","name":"Biofolic","description":"Hairgrowth Center","potentialAction":[{"@type":"SearchAction","target":{"@type":"EntryPoint","urlTemplate":"https:\/\/biofolic.dk\/en\/?s={search_term_string}"},"query-input":{"@type":"PropertyValueSpecification","valueRequired":true,"valueName":"search_term_string"}}],"inLanguage":"en-US"}]}},"_links":{"self":[{"href":"https:\/\/biofolic.dk\/en\/wp-json\/wp\/v2\/product\/472","targetHints":{"allow":["GET"]}}],"collection":[{"href":"https:\/\/biofolic.dk\/en\/wp-json\/wp\/v2\/product"}],"about":[{"href":"https:\/\/biofolic.dk\/en\/wp-json\/wp\/v2\/types\/product"}],"wp:featuredmedia":[{"embeddable":true,"href":"https:\/\/biofolic.dk\/en\/wp-json\/wp\/v2\/media\/4245"}],"wp:attachment":[{"href":"https:\/\/biofolic.dk\/en\/wp-json\/wp\/v2\/media?parent=472"}],"wp:term":[{"taxonomy":"product_brand","embeddable":true,"href":"https:\/\/biofolic.dk\/en\/wp-json\/wp\/v2\/product_brand?post=472"},{"taxonomy":"product_cat","embeddable":true,"href":"https:\/\/biofolic.dk\/en\/wp-json\/wp\/v2\/product_cat?post=472"},{"taxonomy":"product_tag","embeddable":true,"href":"https:\/\/biofolic.dk\/en\/wp-json\/wp\/v2\/product_tag?post=472"},{"taxonomy":"product_gender","embeddable":true,"href":"https:\/\/biofolic.dk\/en\/wp-json\/wp\/v2\/product_gender?post=472"}],"curies":[{"name":"wp","href":"https:\/\/api.w.org\/{rel}","templated":true}]}}