{"id":4665,"date":"2022-09-29T18:26:11","date_gmt":"2022-09-29T18:26:11","guid":{"rendered":"http:\/\/biofolic.local\/?post_type=product&#038;p=4665"},"modified":"2025-05-19T11:16:49","modified_gmt":"2025-05-19T11:16:49","slug":"vitaminer-mod-haartab-subscription","status":"publish","type":"product","link":"https:\/\/biofolic.dk\/en\/vitaminer-mod-h%C3%A5rtab-subscription\/","title":{"rendered":"Kosttilskud mod h\u00e5rtab"},"content":{"rendered":"","protected":false},"excerpt":{"rendered":"<p>Biofolic Labs avancerede kosttilskud mod h\u00e5rtab til kvinder og m\u00e6nd virker alsidigt og tilf\u00f8rer hovedbunden de vitaminer, mineraler og sporstoffer, som er n\u00f8dvendige for en sund h\u00e5rv\u00e6kst.<\/p>","protected":false},"featured_media":2026,"template":"","meta":[],"product_brand":[],"product_cat":[17],"product_tag":[],"product_gender":[33],"class_list":{"0":"post-4665","1":"product","2":"type-product","3":"status-publish","4":"has-post-thumbnail","6":"product_cat-haarvaekst-produkter","7":"product_shipping_class-free-shipping","8":"product_gender-unisex","10":"first","11":"instock","12":"taxable","13":"shipping-taxable","14":"purchasable","15":"product-type-simple"},"bundled_by":["473","472","5731","5732"],"bundle_stock_status":"instock","bundle_stock_quantity":null,"bundle_virtual":false,"bundle_layout":"","bundle_add_to_cart_form_location":"","bundle_editable_in_cart":false,"bundle_sold_individually_context":"","bundle_item_grouping":"","bundle_min_size":"","bundle_max_size":"","bundle_price":[],"bundled_items":[],"bundle_sell_ids":[],"acf":[],"yoast_head":"<!-- This site is optimized with the Yoast SEO plugin v25.4 - https:\/\/yoast.com\/wordpress\/plugins\/seo\/ -->\n<title>Kosttilskud mod h\u00e5rtab - Biofolic<\/title>\n<meta name=\"robots\" content=\"noindex, follow\" \/>\n<meta property=\"og:locale\" content=\"en_US\" \/>\n<meta property=\"og:type\" content=\"article\" \/>\n<meta property=\"og:title\" content=\"Kosttilskud mod h\u00e5rtab - Biofolic\" \/>\n<meta property=\"og:description\" content=\"Biofolic Labs avancerede kosttilskud mod h\u00e5rtab til kvinder og m\u00e6nd virker alsidigt og tilf\u00f8rer hovedbunden de vitaminer, mineraler og sporstoffer, som er n\u00f8dvendige for en sund h\u00e5rv\u00e6kst.\" \/>\n<meta property=\"og:url\" content=\"https:\/\/biofolic.dk\/en\/vitaminer-mod-h\u00e5rtab-subscription\/\" \/>\n<meta property=\"og:site_name\" content=\"Biofolic\" \/>\n<meta property=\"article:modified_time\" content=\"2025-05-19T11:16:49+00:00\" \/>\n<meta property=\"og:image\" content=\"https:\/\/biofolic.dk\/wp-content\/uploads\/2022\/07\/Pro-Capture-One-0072.jpg\" \/>\n\t<meta property=\"og:image:width\" content=\"1600\" \/>\n\t<meta property=\"og:image:height\" content=\"1600\" \/>\n\t<meta property=\"og:image:type\" content=\"image\/jpeg\" \/>\n<meta name=\"twitter:card\" content=\"summary_large_image\" \/>\n<meta name=\"twitter:label1\" content=\"Est. reading time\" \/>\n\t<meta name=\"twitter:data1\" content=\"1 minute\" \/>\n<script type=\"application\/ld+json\" class=\"yoast-schema-graph\">{\"@context\":\"https:\/\/schema.org\",\"@graph\":[{\"@type\":\"WebPage\",\"@id\":\"https:\/\/biofolic.dk\/en\/vitaminer-mod-h%C3%A5rtab-subscription\/\",\"url\":\"https:\/\/biofolic.dk\/en\/vitaminer-mod-h%C3%A5rtab-subscription\/\",\"name\":\"Kosttilskud mod h\u00e5rtab - Biofolic\",\"isPartOf\":{\"@id\":\"https:\/\/biofolic.dk\/en\/#website\"},\"primaryImageOfPage\":{\"@id\":\"https:\/\/biofolic.dk\/en\/vitaminer-mod-h%C3%A5rtab-subscription\/#primaryimage\"},\"image\":{\"@id\":\"https:\/\/biofolic.dk\/en\/vitaminer-mod-h%C3%A5rtab-subscription\/#primaryimage\"},\"thumbnailUrl\":\"https:\/\/biofolic.dk\/wp-content\/uploads\/2022\/07\/Pro-Capture-One-0072.jpg\",\"datePublished\":\"2022-09-29T18:26:11+00:00\",\"dateModified\":\"2025-05-19T11:16:49+00:00\",\"breadcrumb\":{\"@id\":\"https:\/\/biofolic.dk\/en\/vitaminer-mod-h%C3%A5rtab-subscription\/#breadcrumb\"},\"inLanguage\":\"en-US\",\"potentialAction\":[{\"@type\":\"ReadAction\",\"target\":[\"https:\/\/biofolic.dk\/en\/vitaminer-mod-h%C3%A5rtab-subscription\/\"]}]},{\"@type\":\"ImageObject\",\"inLanguage\":\"en-US\",\"@id\":\"https:\/\/biofolic.dk\/en\/vitaminer-mod-h%C3%A5rtab-subscription\/#primaryimage\",\"url\":\"https:\/\/biofolic.dk\/wp-content\/uploads\/2022\/07\/Pro-Capture-One-0072.jpg\",\"contentUrl\":\"https:\/\/biofolic.dk\/wp-content\/uploads\/2022\/07\/Pro-Capture-One-0072.jpg\",\"width\":1600,\"height\":1600},{\"@type\":\"BreadcrumbList\",\"@id\":\"https:\/\/biofolic.dk\/en\/vitaminer-mod-h%C3%A5rtab-subscription\/#breadcrumb\",\"itemListElement\":[{\"@type\":\"ListItem\",\"position\":1,\"name\":\"Hjem\",\"item\":\"https:\/\/biofolic.dk\/\"},{\"@type\":\"ListItem\",\"position\":2,\"name\":\"Kosttilskud mod h\u00e5rtab\"}]},{\"@type\":\"WebSite\",\"@id\":\"https:\/\/biofolic.dk\/en\/#website\",\"url\":\"https:\/\/biofolic.dk\/en\/\",\"name\":\"Biofolic\",\"description\":\"Hairgrowth Center\",\"potentialAction\":[{\"@type\":\"SearchAction\",\"target\":{\"@type\":\"EntryPoint\",\"urlTemplate\":\"https:\/\/biofolic.dk\/en\/?s={search_term_string}\"},\"query-input\":{\"@type\":\"PropertyValueSpecification\",\"valueRequired\":true,\"valueName\":\"search_term_string\"}}],\"inLanguage\":\"en-US\"}]}<\/script>\n<!-- \/ Yoast SEO plugin. -->","yoast_head_json":{"title":"Kosttilskud mod h\u00e5rtab - Biofolic","robots":{"index":"noindex","follow":"follow"},"og_locale":"en_US","og_type":"article","og_title":"Kosttilskud mod h\u00e5rtab - Biofolic","og_description":"Biofolic Labs avancerede kosttilskud mod h\u00e5rtab til kvinder og m\u00e6nd virker alsidigt og tilf\u00f8rer hovedbunden de vitaminer, mineraler og sporstoffer, som er n\u00f8dvendige for en sund h\u00e5rv\u00e6kst.","og_url":"https:\/\/biofolic.dk\/en\/vitaminer-mod-h\u00e5rtab-subscription\/","og_site_name":"Biofolic","article_modified_time":"2025-05-19T11:16:49+00:00","og_image":[{"width":1600,"height":1600,"url":"https:\/\/biofolic.dk\/wp-content\/uploads\/2022\/07\/Pro-Capture-One-0072.jpg","type":"image\/jpeg"}],"twitter_card":"summary_large_image","twitter_misc":{"Est. reading time":"1 minute"},"schema":{"@context":"https:\/\/schema.org","@graph":[{"@type":"WebPage","@id":"https:\/\/biofolic.dk\/en\/vitaminer-mod-h%C3%A5rtab-subscription\/","url":"https:\/\/biofolic.dk\/en\/vitaminer-mod-h%C3%A5rtab-subscription\/","name":"Kosttilskud mod h\u00e5rtab - Biofolic","isPartOf":{"@id":"https:\/\/biofolic.dk\/en\/#website"},"primaryImageOfPage":{"@id":"https:\/\/biofolic.dk\/en\/vitaminer-mod-h%C3%A5rtab-subscription\/#primaryimage"},"image":{"@id":"https:\/\/biofolic.dk\/en\/vitaminer-mod-h%C3%A5rtab-subscription\/#primaryimage"},"thumbnailUrl":"https:\/\/biofolic.dk\/wp-content\/uploads\/2022\/07\/Pro-Capture-One-0072.jpg","datePublished":"2022-09-29T18:26:11+00:00","dateModified":"2025-05-19T11:16:49+00:00","breadcrumb":{"@id":"https:\/\/biofolic.dk\/en\/vitaminer-mod-h%C3%A5rtab-subscription\/#breadcrumb"},"inLanguage":"en-US","potentialAction":[{"@type":"ReadAction","target":["https:\/\/biofolic.dk\/en\/vitaminer-mod-h%C3%A5rtab-subscription\/"]}]},{"@type":"ImageObject","inLanguage":"en-US","@id":"https:\/\/biofolic.dk\/en\/vitaminer-mod-h%C3%A5rtab-subscription\/#primaryimage","url":"https:\/\/biofolic.dk\/wp-content\/uploads\/2022\/07\/Pro-Capture-One-0072.jpg","contentUrl":"https:\/\/biofolic.dk\/wp-content\/uploads\/2022\/07\/Pro-Capture-One-0072.jpg","width":1600,"height":1600},{"@type":"BreadcrumbList","@id":"https:\/\/biofolic.dk\/en\/vitaminer-mod-h%C3%A5rtab-subscription\/#breadcrumb","itemListElement":[{"@type":"ListItem","position":1,"name":"Hjem","item":"https:\/\/biofolic.dk\/"},{"@type":"ListItem","position":2,"name":"Kosttilskud mod h\u00e5rtab"}]},{"@type":"WebSite","@id":"https:\/\/biofolic.dk\/en\/#website","url":"https:\/\/biofolic.dk\/en\/","name":"Biofolic","description":"Hairgrowth Center","potentialAction":[{"@type":"SearchAction","target":{"@type":"EntryPoint","urlTemplate":"https:\/\/biofolic.dk\/en\/?s={search_term_string}"},"query-input":{"@type":"PropertyValueSpecification","valueRequired":true,"valueName":"search_term_string"}}],"inLanguage":"en-US"}]}},"_links":{"self":[{"href":"https:\/\/biofolic.dk\/en\/wp-json\/wp\/v2\/product\/4665","targetHints":{"allow":["GET"]}}],"collection":[{"href":"https:\/\/biofolic.dk\/en\/wp-json\/wp\/v2\/product"}],"about":[{"href":"https:\/\/biofolic.dk\/en\/wp-json\/wp\/v2\/types\/product"}],"wp:featuredmedia":[{"embeddable":true,"href":"https:\/\/biofolic.dk\/en\/wp-json\/wp\/v2\/media\/2026"}],"wp:attachment":[{"href":"https:\/\/biofolic.dk\/en\/wp-json\/wp\/v2\/media?parent=4665"}],"wp:term":[{"taxonomy":"product_brand","embeddable":true,"href":"https:\/\/biofolic.dk\/en\/wp-json\/wp\/v2\/product_brand?post=4665"},{"taxonomy":"product_cat","embeddable":true,"href":"https:\/\/biofolic.dk\/en\/wp-json\/wp\/v2\/product_cat?post=4665"},{"taxonomy":"product_tag","embeddable":true,"href":"https:\/\/biofolic.dk\/en\/wp-json\/wp\/v2\/product_tag?post=4665"},{"taxonomy":"product_gender","embeddable":true,"href":"https:\/\/biofolic.dk\/en\/wp-json\/wp\/v2\/product_gender?post=4665"}],"curies":[{"name":"wp","href":"https:\/\/api.w.org\/{rel}","templated":true}]}}