{"id":4278,"date":"2022-08-29T11:20:52","date_gmt":"2022-08-29T11:20:52","guid":{"rendered":"http:\/\/biofolic.local\/?post_type=product&#038;p=4278"},"modified":"2026-02-27T17:32:33","modified_gmt":"2026-02-27T17:32:33","slug":"smp-scalp-micro-pigmentation","status":"publish","type":"product","link":"https:\/\/biofolic.dk\/en\/smp-scalp-micro-pigmentation\/","title":{"rendered":"SMP \u2013 Scalp Micro Pigmentation"},"content":{"rendered":"","protected":false},"excerpt":{"rendered":"<p><span style=\"vertical-align: inherit;\"><span style=\"vertical-align: inherit;\">Aenean sit amet maximus nisi. Fusce ut metus bibendum, rhoncus turpis in, volutpat nulla. Cras sit amet ipsum lobortis, ornare massa ac, interdum mi. Lorem ipsum dolor sit amet, consectetur adipiscing elit. Quisque in nibh in diam consequat lobortis. Suspendisse potenti. Nullam own venenatis orci. In porttitor fringilla nibh, in volutpat augue consequat eget.<\/span><\/span><\/p>","protected":false},"featured_media":307,"template":"","meta":[],"product_brand":[],"product_cat":[18],"product_tag":[],"product_gender":[33],"class_list":{"0":"post-4278","1":"product","2":"type-product","3":"status-publish","4":"has-post-thumbnail","6":"product_cat-behandlinger-mod-haartab","7":"product_gender-unisex","9":"first","10":"instock","11":"virtual","12":"sold-individually","13":"taxable","14":"product-type-simple"},"bundled_by":[],"bundle_stock_status":"instock","bundle_stock_quantity":null,"bundle_virtual":false,"bundle_layout":"","bundle_add_to_cart_form_location":"","bundle_editable_in_cart":false,"bundle_sold_individually_context":"","bundle_item_grouping":"","bundle_min_size":"","bundle_max_size":"","bundle_price":[],"bundled_items":[],"bundle_sell_ids":[],"acf":[],"yoast_head":"<!-- This site is optimized with the Yoast SEO plugin v25.4 - https:\/\/yoast.com\/wordpress\/plugins\/seo\/ -->\n<title>SMP \u2013 Scalp Micro Pigmentation - Biofolic Lab<\/title>\n<meta name=\"description\" content=\"L\u00e6s mere om Scalp Micro Pigmentation (SMP). Biofolic Lab\u00ae tilbyder mikropigmentering af hovedbunden til b\u00e5de m\u00e6nd og kvinder, som lider af h\u00e5rtab.\" \/>\n<meta name=\"robots\" content=\"index, follow, max-snippet:-1, max-image-preview:large, max-video-preview:-1\" \/>\n<link rel=\"canonical\" href=\"https:\/\/biofolic.dk\/en\/smp-scalp-micro-pigmentation\/\" \/>\n<meta property=\"og:locale\" content=\"en_US\" \/>\n<meta property=\"og:type\" content=\"article\" \/>\n<meta property=\"og:title\" content=\"SMP \u2013 Scalp Micro Pigmentation - Biofolic Lab\" \/>\n<meta property=\"og:description\" content=\"L\u00e6s mere om Scalp Micro Pigmentation (SMP). Biofolic Lab\u00ae tilbyder mikropigmentering af hovedbunden til b\u00e5de m\u00e6nd og kvinder, som lider af h\u00e5rtab.\" \/>\n<meta property=\"og:url\" content=\"https:\/\/biofolic.dk\/en\/smp-scalp-micro-pigmentation\/\" \/>\n<meta property=\"og:site_name\" content=\"Biofolic\" \/>\n<meta property=\"article:modified_time\" content=\"2026-02-27T17:32:33+00:00\" \/>\n<meta property=\"og:image\" content=\"https:\/\/biofolic.dk\/wp-content\/uploads\/2022\/07\/mesotherapy.jpg\" \/>\n\t<meta property=\"og:image:width\" content=\"2400\" \/>\n\t<meta property=\"og:image:height\" content=\"1600\" \/>\n\t<meta property=\"og:image:type\" content=\"image\/jpeg\" \/>\n<meta name=\"twitter:card\" content=\"summary_large_image\" \/>\n<meta name=\"twitter:label1\" content=\"Est. reading time\" \/>\n\t<meta name=\"twitter:data1\" content=\"1 minute\" \/>\n<script type=\"application\/ld+json\" class=\"yoast-schema-graph\">{\"@context\":\"https:\/\/schema.org\",\"@graph\":[{\"@type\":\"WebPage\",\"@id\":\"https:\/\/biofolic.dk\/en\/smp-scalp-micro-pigmentation\/\",\"url\":\"https:\/\/biofolic.dk\/en\/smp-scalp-micro-pigmentation\/\",\"name\":\"SMP \u2013 Scalp Micro Pigmentation - Biofolic Lab\",\"isPartOf\":{\"@id\":\"https:\/\/biofolic.dk\/en\/#website\"},\"primaryImageOfPage\":{\"@id\":\"https:\/\/biofolic.dk\/en\/smp-scalp-micro-pigmentation\/#primaryimage\"},\"image\":{\"@id\":\"https:\/\/biofolic.dk\/en\/smp-scalp-micro-pigmentation\/#primaryimage\"},\"thumbnailUrl\":\"https:\/\/biofolic.dk\/wp-content\/uploads\/2022\/07\/mesotherapy.jpg\",\"datePublished\":\"2022-08-29T11:20:52+00:00\",\"dateModified\":\"2026-02-27T17:32:33+00:00\",\"description\":\"L\u00e6s mere om Scalp Micro Pigmentation (SMP). Biofolic Lab\u00ae tilbyder mikropigmentering af hovedbunden til b\u00e5de m\u00e6nd og kvinder, som lider af h\u00e5rtab.\",\"breadcrumb\":{\"@id\":\"https:\/\/biofolic.dk\/en\/smp-scalp-micro-pigmentation\/#breadcrumb\"},\"inLanguage\":\"en-US\",\"potentialAction\":[{\"@type\":\"ReadAction\",\"target\":[\"https:\/\/biofolic.dk\/en\/smp-scalp-micro-pigmentation\/\"]}]},{\"@type\":\"ImageObject\",\"inLanguage\":\"en-US\",\"@id\":\"https:\/\/biofolic.dk\/en\/smp-scalp-micro-pigmentation\/#primaryimage\",\"url\":\"https:\/\/biofolic.dk\/wp-content\/uploads\/2022\/07\/mesotherapy.jpg\",\"contentUrl\":\"https:\/\/biofolic.dk\/wp-content\/uploads\/2022\/07\/mesotherapy.jpg\",\"width\":2400,\"height\":1600,\"caption\":\"Biofolic Lab patient\"},{\"@type\":\"BreadcrumbList\",\"@id\":\"https:\/\/biofolic.dk\/en\/smp-scalp-micro-pigmentation\/#breadcrumb\",\"itemListElement\":[{\"@type\":\"ListItem\",\"position\":1,\"name\":\"Hjem\",\"item\":\"https:\/\/biofolic.dk\/\"},{\"@type\":\"ListItem\",\"position\":2,\"name\":\"SMP \u2013 Scalp Micro Pigmentation\"}]},{\"@type\":\"WebSite\",\"@id\":\"https:\/\/biofolic.dk\/en\/#website\",\"url\":\"https:\/\/biofolic.dk\/en\/\",\"name\":\"Biofolic\",\"description\":\"Hairgrowth Center\",\"potentialAction\":[{\"@type\":\"SearchAction\",\"target\":{\"@type\":\"EntryPoint\",\"urlTemplate\":\"https:\/\/biofolic.dk\/en\/?s={search_term_string}\"},\"query-input\":{\"@type\":\"PropertyValueSpecification\",\"valueRequired\":true,\"valueName\":\"search_term_string\"}}],\"inLanguage\":\"en-US\"}]}<\/script>\n<!-- \/ Yoast SEO plugin. -->","yoast_head_json":{"title":"SMP \u2013 Scalp Micro Pigmentation - Biofolic Lab","description":"L\u00e6s mere om Scalp Micro Pigmentation (SMP). Biofolic Lab\u00ae tilbyder mikropigmentering af hovedbunden til b\u00e5de m\u00e6nd og kvinder, som lider af h\u00e5rtab.","robots":{"index":"index","follow":"follow","max-snippet":"max-snippet:-1","max-image-preview":"max-image-preview:large","max-video-preview":"max-video-preview:-1"},"canonical":"https:\/\/biofolic.dk\/en\/smp-scalp-micro-pigmentation\/","og_locale":"en_US","og_type":"article","og_title":"SMP \u2013 Scalp Micro Pigmentation - Biofolic Lab","og_description":"L\u00e6s mere om Scalp Micro Pigmentation (SMP). Biofolic Lab\u00ae tilbyder mikropigmentering af hovedbunden til b\u00e5de m\u00e6nd og kvinder, som lider af h\u00e5rtab.","og_url":"https:\/\/biofolic.dk\/en\/smp-scalp-micro-pigmentation\/","og_site_name":"Biofolic","article_modified_time":"2026-02-27T17:32:33+00:00","og_image":[{"width":2400,"height":1600,"url":"https:\/\/biofolic.dk\/wp-content\/uploads\/2022\/07\/mesotherapy.jpg","type":"image\/jpeg"}],"twitter_card":"summary_large_image","twitter_misc":{"Est. reading time":"1 minute"},"schema":{"@context":"https:\/\/schema.org","@graph":[{"@type":"WebPage","@id":"https:\/\/biofolic.dk\/en\/smp-scalp-micro-pigmentation\/","url":"https:\/\/biofolic.dk\/en\/smp-scalp-micro-pigmentation\/","name":"SMP \u2013 Scalp Micro Pigmentation - Biofolic Lab","isPartOf":{"@id":"https:\/\/biofolic.dk\/en\/#website"},"primaryImageOfPage":{"@id":"https:\/\/biofolic.dk\/en\/smp-scalp-micro-pigmentation\/#primaryimage"},"image":{"@id":"https:\/\/biofolic.dk\/en\/smp-scalp-micro-pigmentation\/#primaryimage"},"thumbnailUrl":"https:\/\/biofolic.dk\/wp-content\/uploads\/2022\/07\/mesotherapy.jpg","datePublished":"2022-08-29T11:20:52+00:00","dateModified":"2026-02-27T17:32:33+00:00","description":"L\u00e6s mere om Scalp Micro Pigmentation (SMP). Biofolic Lab\u00ae tilbyder mikropigmentering af hovedbunden til b\u00e5de m\u00e6nd og kvinder, som lider af h\u00e5rtab.","breadcrumb":{"@id":"https:\/\/biofolic.dk\/en\/smp-scalp-micro-pigmentation\/#breadcrumb"},"inLanguage":"en-US","potentialAction":[{"@type":"ReadAction","target":["https:\/\/biofolic.dk\/en\/smp-scalp-micro-pigmentation\/"]}]},{"@type":"ImageObject","inLanguage":"en-US","@id":"https:\/\/biofolic.dk\/en\/smp-scalp-micro-pigmentation\/#primaryimage","url":"https:\/\/biofolic.dk\/wp-content\/uploads\/2022\/07\/mesotherapy.jpg","contentUrl":"https:\/\/biofolic.dk\/wp-content\/uploads\/2022\/07\/mesotherapy.jpg","width":2400,"height":1600,"caption":"Biofolic Lab patient"},{"@type":"BreadcrumbList","@id":"https:\/\/biofolic.dk\/en\/smp-scalp-micro-pigmentation\/#breadcrumb","itemListElement":[{"@type":"ListItem","position":1,"name":"Hjem","item":"https:\/\/biofolic.dk\/"},{"@type":"ListItem","position":2,"name":"SMP \u2013 Scalp Micro Pigmentation"}]},{"@type":"WebSite","@id":"https:\/\/biofolic.dk\/en\/#website","url":"https:\/\/biofolic.dk\/en\/","name":"Biofolic","description":"Hairgrowth Center","potentialAction":[{"@type":"SearchAction","target":{"@type":"EntryPoint","urlTemplate":"https:\/\/biofolic.dk\/en\/?s={search_term_string}"},"query-input":{"@type":"PropertyValueSpecification","valueRequired":true,"valueName":"search_term_string"}}],"inLanguage":"en-US"}]}},"_links":{"self":[{"href":"https:\/\/biofolic.dk\/en\/wp-json\/wp\/v2\/product\/4278","targetHints":{"allow":["GET"]}}],"collection":[{"href":"https:\/\/biofolic.dk\/en\/wp-json\/wp\/v2\/product"}],"about":[{"href":"https:\/\/biofolic.dk\/en\/wp-json\/wp\/v2\/types\/product"}],"wp:featuredmedia":[{"embeddable":true,"href":"https:\/\/biofolic.dk\/en\/wp-json\/wp\/v2\/media\/307"}],"wp:attachment":[{"href":"https:\/\/biofolic.dk\/en\/wp-json\/wp\/v2\/media?parent=4278"}],"wp:term":[{"taxonomy":"product_brand","embeddable":true,"href":"https:\/\/biofolic.dk\/en\/wp-json\/wp\/v2\/product_brand?post=4278"},{"taxonomy":"product_cat","embeddable":true,"href":"https:\/\/biofolic.dk\/en\/wp-json\/wp\/v2\/product_cat?post=4278"},{"taxonomy":"product_tag","embeddable":true,"href":"https:\/\/biofolic.dk\/en\/wp-json\/wp\/v2\/product_tag?post=4278"},{"taxonomy":"product_gender","embeddable":true,"href":"https:\/\/biofolic.dk\/en\/wp-json\/wp\/v2\/product_gender?post=4278"}],"curies":[{"name":"wp","href":"https:\/\/api.w.org\/{rel}","templated":true}]}}