{"id":7134,"date":"2024-03-31T22:35:47","date_gmt":"2024-03-31T22:35:47","guid":{"rendered":"https:\/\/biofolic.dk\/?page_id=7134"},"modified":"2024-06-10T11:23:40","modified_gmt":"2024-06-10T11:23:40","slug":"start-din-oestradiol-minoxidil-vurdering","status":"publish","type":"page","link":"https:\/\/biofolic.dk\/en\/start-din-oestradiol-minoxidil-vurdering\/","title":{"rendered":"Start din \u00d8stradiol \/ Minoxidil vurdering"},"content":{"rendered":"<section id=\"product-description\" class=\"page-section product-description vertical\" style=\"opacity: 1;\">\n<div class=\"section-features\">\n<div class=\"container\">\n<h2 class=\"section-title no-section-text no-text\">Start din \u00d8stradiol \/ Minoxidil vurdering<\/h2>\n<div class=\"text-and-video-top-wrapper\">\n<div class=\"text-and-video-info-wrap\" style=\"margin-top:30px\">\n<div class=\"text-and-video-info-content\">\n<figure role=\"img\" aria-label=\"finasterid-minoxidil-biofolic\" class=\"product-desc-figure bg-cover slide-in from-right vertical appear\" style=\"background-image:url('https:\/\/biofolic.dk\/wp-content\/uploads\/2022\/08\/minoxidil-biofolic-1024x625.jpg');\"><\/figure>\n<div class=\"text-and-video-intro-text\" style=\"margin-top:30px\">\n<p class=\"text-and-video-text\">Vi er dedikerede til at sikre sikkerheden og effektiviteten af din behandling med \u00d8stradiol \/ Minoxidil, en innovativ l\u00f8sning til forebyggelse af h\u00e5rtab. For at skr\u00e6ddersy behandlingen til din unikke sundhedsprofil, beder vi dig venligst udfylde et kort sp\u00f8rgeskema. Dette trin er vigtigt for os at afg\u00f8re, om \u00d8stradiol \/ Minoxidil er det rigtige valg for dig.<\/p>\n<\/p><\/div>\n<ul class=\"product-desc-bullet-list\" style=\"color:\">\n<li class=\"product-desc-bullet-list-item\">\n\t\t\t\t\t\t\t\t<svg xmlns=\"http:\/\/www.w3.org\/2000\/svg\" width=\"24\" height=\"24\" viewbox=\"0 0 24 24\">\n\t\t\t\t\t\t\t\t\t<path d=\"M24.563,12.563a12,12,0,1,1-12-12A12,12,0,0,1,24.563,12.563ZM11.174,18.916l8.9-8.9a.774.774,0,0,0,0-1.095L18.983,7.823a.774.774,0,0,0-1.095,0l-7.261,7.261-3.39-3.39a.774.774,0,0,0-1.095,0L5.047,12.789a.774.774,0,0,0,0,1.095l5.032,5.032a.774.774,0,0,0,1.095,0Z\" transform=\"translate(-0.563 -0.563)\" fill=\"currentColor\"><\/path>\n\t\t\t\t\t\t\t\t<\/svg><br \/>\n\t\t\t\t\t\t\t\t<span>Antal sp\u00f8rgsm\u00e5l: 17<\/span>\n\t\t\t\t\t\t\t<\/li>\n<li class=\"product-desc-bullet-list-item\">\n\t\t\t\t\t\t\t\t<svg xmlns=\"http:\/\/www.w3.org\/2000\/svg\" width=\"24\" height=\"24\" viewbox=\"0 0 24 24\">\n\t\t\t\t\t\t\t\t\t<path d=\"M24.563,12.563a12,12,0,1,1-12-12A12,12,0,0,1,24.563,12.563ZM11.174,18.916l8.9-8.9a.774.774,0,0,0,0-1.095L18.983,7.823a.774.774,0,0,0-1.095,0l-7.261,7.261-3.39-3.39a.774.774,0,0,0-1.095,0L5.047,12.789a.774.774,0,0,0,0,1.095l5.032,5.032a.774.774,0,0,0,1.095,0Z\" transform=\"translate(-0.563 -0.563)\" fill=\"currentColor\"><\/path>\n\t\t\t\t\t\t\t\t<\/svg><br \/>\n\t\t\t\t\t\t\t\t<span>Estimeret tid: Mindre end 2 minutter<\/span>\n\t\t\t\t\t\t\t<\/li>\n<\/ul>\n<div class=\"text-and-video-intro-text\" style=\"padding-top:30px\">\n<p class=\"text-and-video-text\">Dine svar vil blive gennemg\u00e5et af vores medicinske team, som vil vurdere din egnethed til \u00d8stradiol \/ Minoxidil baseret p\u00e5 din helbredstilstand og livsstil.<\/p>\n<\/p><\/div>\n<div style=\"margin:0 auto\"><a href=\"https:\/\/drogeriata.eu\/shop\/q-en\" class=\"single_add_to_cart_button button alt disabled wc-variation-selection-needed\">Start sp\u00f8rgeskemaet (p\u00e5 engelsk)<\/a><\/div>\n<h2 class=\"section-preheader\" style=\"margin-top:30px;color: rgba(0,0,0,0.85);\">Ved at klikke ovenfor, vil du blive omdirigeret til vores betroede europ\u00e6iske partnere web-apotek for at begynde. Din rejse til at genvinde dit h\u00e5r starter her.<\/h2>\n<\/p><\/div>\n<\/p><\/div>\n<\/p><\/div>\n<\/p><\/div>\n<\/p><\/div>\n<\/section>","protected":false},"excerpt":{"rendered":"<p>Start din \u00d8stradiol \/ Minoxidil vurdering Vi er dedikerede til at sikre sikkerheden og effektiviteten af din behandling med \u00d8stradiol \/ Minoxidil, en innovativ l\u00f8sning til forebyggelse af h\u00e5rtab. For at skr\u00e6ddersy behandlingen til din unikke sundhedsprofil, beder vi dig venligst udfylde et kort sp\u00f8rgeskema. Dette trin er vigtigt for os at afg\u00f8re, om \u00d8stradiol [&hellip;]<\/p>","protected":false},"author":9,"featured_media":0,"parent":0,"menu_order":0,"comment_status":"closed","ping_status":"closed","template":"","meta":{"footnotes":""},"categories":[],"class_list":["post-7134","page","type-page","status-publish","hentry"],"acf":[],"yoast_head":"<!-- This site is optimized with the Yoast SEO plugin v25.4 - https:\/\/yoast.com\/wordpress\/plugins\/seo\/ -->\n<title>Start din \u00d8stradiol \/ Minoxidil vurdering - Biofolic<\/title>\n<meta name=\"robots\" content=\"noindex, nofollow\" \/>\n<meta property=\"og:locale\" content=\"en_US\" \/>\n<meta property=\"og:type\" content=\"article\" \/>\n<meta property=\"og:title\" content=\"Start din \u00d8stradiol \/ Minoxidil vurdering - Biofolic\" \/>\n<meta property=\"og:description\" content=\"Start din \u00d8stradiol \/ Minoxidil vurdering Vi er dedikerede til at sikre sikkerheden og effektiviteten af din behandling med \u00d8stradiol \/ Minoxidil, en innovativ l\u00f8sning til forebyggelse af h\u00e5rtab. For at skr\u00e6ddersy behandlingen til din unikke sundhedsprofil, beder vi dig venligst udfylde et kort sp\u00f8rgeskema. Dette trin er vigtigt for os at afg\u00f8re, om \u00d8stradiol [&hellip;]\" \/>\n<meta property=\"og:url\" content=\"https:\/\/biofolic.dk\/en\/start-din-oestradiol-minoxidil-vurdering\/\" \/>\n<meta property=\"og:site_name\" content=\"Biofolic\" \/>\n<meta property=\"article:modified_time\" content=\"2024-06-10T11:23:40+00:00\" \/>\n<meta name=\"twitter:card\" content=\"summary_large_image\" \/>\n<meta name=\"twitter:label1\" content=\"Est. reading time\" \/>\n\t<meta name=\"twitter:data1\" content=\"1 minute\" \/>\n<script type=\"application\/ld+json\" class=\"yoast-schema-graph\">{\"@context\":\"https:\/\/schema.org\",\"@graph\":[{\"@type\":\"WebPage\",\"@id\":\"https:\/\/biofolic.dk\/en\/start-din-oestradiol-minoxidil-vurdering\/\",\"url\":\"https:\/\/biofolic.dk\/en\/start-din-oestradiol-minoxidil-vurdering\/\",\"name\":\"Start din \u00d8stradiol \/ Minoxidil vurdering - Biofolic\",\"isPartOf\":{\"@id\":\"https:\/\/biofolic.dk\/en\/#website\"},\"datePublished\":\"2024-03-31T22:35:47+00:00\",\"dateModified\":\"2024-06-10T11:23:40+00:00\",\"breadcrumb\":{\"@id\":\"https:\/\/biofolic.dk\/en\/start-din-oestradiol-minoxidil-vurdering\/#breadcrumb\"},\"inLanguage\":\"en-US\",\"potentialAction\":[{\"@type\":\"ReadAction\",\"target\":[\"https:\/\/biofolic.dk\/en\/start-din-oestradiol-minoxidil-vurdering\/\"]}]},{\"@type\":\"BreadcrumbList\",\"@id\":\"https:\/\/biofolic.dk\/en\/start-din-oestradiol-minoxidil-vurdering\/#breadcrumb\",\"itemListElement\":[{\"@type\":\"ListItem\",\"position\":1,\"name\":\"Hjem\",\"item\":\"https:\/\/biofolic.dk\/\"},{\"@type\":\"ListItem\",\"position\":2,\"name\":\"Start din \u00d8stradiol \/ Minoxidil vurdering\"}]},{\"@type\":\"WebSite\",\"@id\":\"https:\/\/biofolic.dk\/en\/#website\",\"url\":\"https:\/\/biofolic.dk\/en\/\",\"name\":\"Biofolic\",\"description\":\"Hairgrowth Center\",\"potentialAction\":[{\"@type\":\"SearchAction\",\"target\":{\"@type\":\"EntryPoint\",\"urlTemplate\":\"https:\/\/biofolic.dk\/en\/?s={search_term_string}\"},\"query-input\":{\"@type\":\"PropertyValueSpecification\",\"valueRequired\":true,\"valueName\":\"search_term_string\"}}],\"inLanguage\":\"en-US\"}]}<\/script>\n<!-- \/ Yoast SEO plugin. -->","yoast_head_json":{"title":"Start din \u00d8stradiol \/ Minoxidil vurdering - Biofolic","robots":{"index":"noindex","follow":"nofollow"},"og_locale":"en_US","og_type":"article","og_title":"Start din \u00d8stradiol \/ Minoxidil vurdering - Biofolic","og_description":"Start din \u00d8stradiol \/ Minoxidil vurdering Vi er dedikerede til at sikre sikkerheden og effektiviteten af din behandling med \u00d8stradiol \/ Minoxidil, en innovativ l\u00f8sning til forebyggelse af h\u00e5rtab. For at skr\u00e6ddersy behandlingen til din unikke sundhedsprofil, beder vi dig venligst udfylde et kort sp\u00f8rgeskema. Dette trin er vigtigt for os at afg\u00f8re, om \u00d8stradiol [&hellip;]","og_url":"https:\/\/biofolic.dk\/en\/start-din-oestradiol-minoxidil-vurdering\/","og_site_name":"Biofolic","article_modified_time":"2024-06-10T11:23:40+00:00","twitter_card":"summary_large_image","twitter_misc":{"Est. reading time":"1 minute"},"schema":{"@context":"https:\/\/schema.org","@graph":[{"@type":"WebPage","@id":"https:\/\/biofolic.dk\/en\/start-din-oestradiol-minoxidil-vurdering\/","url":"https:\/\/biofolic.dk\/en\/start-din-oestradiol-minoxidil-vurdering\/","name":"Start din \u00d8stradiol \/ Minoxidil vurdering - Biofolic","isPartOf":{"@id":"https:\/\/biofolic.dk\/en\/#website"},"datePublished":"2024-03-31T22:35:47+00:00","dateModified":"2024-06-10T11:23:40+00:00","breadcrumb":{"@id":"https:\/\/biofolic.dk\/en\/start-din-oestradiol-minoxidil-vurdering\/#breadcrumb"},"inLanguage":"en-US","potentialAction":[{"@type":"ReadAction","target":["https:\/\/biofolic.dk\/en\/start-din-oestradiol-minoxidil-vurdering\/"]}]},{"@type":"BreadcrumbList","@id":"https:\/\/biofolic.dk\/en\/start-din-oestradiol-minoxidil-vurdering\/#breadcrumb","itemListElement":[{"@type":"ListItem","position":1,"name":"Hjem","item":"https:\/\/biofolic.dk\/"},{"@type":"ListItem","position":2,"name":"Start din \u00d8stradiol \/ Minoxidil vurdering"}]},{"@type":"WebSite","@id":"https:\/\/biofolic.dk\/en\/#website","url":"https:\/\/biofolic.dk\/en\/","name":"Biofolic","description":"Hairgrowth Center","potentialAction":[{"@type":"SearchAction","target":{"@type":"EntryPoint","urlTemplate":"https:\/\/biofolic.dk\/en\/?s={search_term_string}"},"query-input":{"@type":"PropertyValueSpecification","valueRequired":true,"valueName":"search_term_string"}}],"inLanguage":"en-US"}]}},"_links":{"self":[{"href":"https:\/\/biofolic.dk\/en\/wp-json\/wp\/v2\/pages\/7134","targetHints":{"allow":["GET"]}}],"collection":[{"href":"https:\/\/biofolic.dk\/en\/wp-json\/wp\/v2\/pages"}],"about":[{"href":"https:\/\/biofolic.dk\/en\/wp-json\/wp\/v2\/types\/page"}],"author":[{"embeddable":true,"href":"https:\/\/biofolic.dk\/en\/wp-json\/wp\/v2\/users\/9"}],"replies":[{"embeddable":true,"href":"https:\/\/biofolic.dk\/en\/wp-json\/wp\/v2\/comments?post=7134"}],"version-history":[{"count":0,"href":"https:\/\/biofolic.dk\/en\/wp-json\/wp\/v2\/pages\/7134\/revisions"}],"wp:attachment":[{"href":"https:\/\/biofolic.dk\/en\/wp-json\/wp\/v2\/media?parent=7134"}],"wp:term":[{"taxonomy":"category","embeddable":true,"href":"https:\/\/biofolic.dk\/en\/wp-json\/wp\/v2\/categories?post=7134"}],"curies":[{"name":"wp","href":"https:\/\/api.w.org\/{rel}","templated":true}]}}