{"id":5186,"date":"2023-02-10T13:32:10","date_gmt":"2023-02-10T13:32:10","guid":{"rendered":"https:\/\/biofolic.dk\/?page_id=5186"},"modified":"2025-11-11T18:21:25","modified_gmt":"2025-11-11T18:21:25","slug":"fortrolighedspolitik","status":"publish","type":"page","link":"https:\/\/biofolic.dk\/en\/fortrolighedspolitik\/","title":{"rendered":"Fortrolighedspolitik"},"content":{"rendered":"<p>POLITIK FOR PERSONDATA OG GDPR PERSONOPLYSNINGER<\/p>\n<p>Den 25. maj 2018 tr\u00e6der EU&#8217;s generelle databeskyttelsesforordning (GDPR) i kraft i hele EU. Herefter skal virksomheder, offentlige myndigheder og organisationer, der behandler personoplysninger, overholde den nye forordning.<\/p>\n<p>Hos Biofolic Lab ApS l\u00e6gger vi stor v\u00e6gt p\u00e5 sikkerheden i h\u00e5ndteringen af dine persondata.<\/p>\n<p>Her er vores beskrivelse af, hvordan vi forholder os til forordningen, og hvilke opdateringer og rettelser vi har foretaget.<\/p>\n<p>OVERSIGT<\/p>\n<p>&nbsp;<\/p>\n<p>1. Generelt<\/p>\n<p>1.1 Hvilke typer oplysninger indsamler vi?<\/p>\n<p>2. Personlige oplysninger<\/p>\n<p>2.1 Hvor l\u00e6nge opbevarer vi personlige data?<\/p>\n<p>2.2 Hvad bruger vi persondata til?<\/p>\n<p>2.3 Hvordan kan du h\u00e5ndh\u00e6ve dine rettigheder i henhold til GDPR?<\/p>\n<p>2.4 Retten til at slette dine personoplysninger<\/p>\n<p>2.5 Beskyttelse af personoplysninger<\/p>\n<p>3. Hvordan kan jeg kontakte Biofolic Lab\u00ae, hvis jeg har sp\u00f8rgsm\u00e5l?<\/p>\n<p>4. Samtykke til h\u00e5ndtering af persondata<\/p>\n<p>5. Utilsigtet h\u00e6ndelse<\/p>\n<p>6. Patienttilskud<\/p>\n<p>1. GENERELT<\/p>\n<p>Vi har opdateret vores vilk\u00e5r vedr\u00f8rende dataindsamling og sikkerhed. Vi har ogs\u00e5 opdateret vores datapolitik og politik om cookies. L\u00e6s mere om cookies nedenfor.<\/p>\n<p>Nedenfor kan du l\u00e6se om, hvilke oplysninger der indsamles, herunder hvordan oplysningerne behandles, hvad de bruges til, hvem der har adgang til oplysningerne, og hvem du kan kontakte, hvis du har sp\u00f8rgsm\u00e5l eller indsigelser til de indsamlede oplysninger.<\/p>\n<p>1.1 HVILKE TYPER OPLYSNINGER INDSAMLER VI?<\/p>\n<p>Oplysninger, du giver, n\u00e5r du enten foretager et onlinek\u00f8b eller modtager en behandling i en af vores klinikker.<\/p>\n<p>Det kan omfatte oplysninger som:<\/p>\n<p>\u2013 Finansielle transaktioner (betalingsoplysninger, f.eks. dit kredit- eller betalingskortnummer)<br \/>\n\u2013 Navn, k\u00f8nsadresse, e-mail, tlf.nr<\/p>\n<p>Du kan l\u00e6se bekendtg\u00f8relsen via dette link: https:\/\/www.retsinformation.dk\/Forms\/R0710.aspx?id=183578<\/p>\n<p>2. PERSONOPLYSNINGER<\/p>\n<p>Vi beder om dine generelle kontaktoplysninger, n\u00e5r du foretager et online k\u00f8b hos os eller modtager behandling hos os. Dette er prim\u00e6rt oplysninger som navn, adresse, postnummer, telefon- og mobiltelefonnummer, e-mail etc. De personoplysninger, som vi indsamler, bruges til at identificere dig som kunde og levere de ydelser, du har k\u00f8bt hos os. De personoplysninger, som vi indsamler i forbindelse med opfyldelse af aftalen, vil blive opbevaret i vores IT-system og\/eller i et fysisk register.<\/p>\n<p>2.1 HVOR L\u00c6NGE OPBEVARER VI PERSONOPLYSNINGER?<\/p>\n<p>N\u00e5r du k\u00f8ber en service eller et produkt hos os, har vi brug for dine personoplysninger som dokumentation. Under det l\u00f8bende kontraktforhold opbevares de oplysninger, vi har indsamlet om dig, i vores IT-system, hvorefter personoplysningerne arkiveres. Dine personoplysninger i vores bookingsystem vil som udgangspunkt efter g\u00e6ldende regler blive opbevaret hos os i en periode p\u00e5 5 \u00e5r fra udgangen af det regnskabs\u00e5r, som ydelsen vedr\u00f8rer.<\/p>\n<p>Ans\u00f8gninger opbevares ikke i 2 \u00e5r, hvorefter de makuleres.<\/p>\n<p>2.2 HVAD BRUGER VI PERSONOPLYSNINGER TIL?<\/p>\n<p>De personoplysninger, vi indsamler om dig i forbindelse med opfyldelse af vores aftale, bruges prim\u00e6rt til generel kundeadministration. Oplysningerne videregives ikke til tredjemand.<br \/>\nAnden videregivelse er kun tilladt, hvis g\u00e6ldende lovgivning undtagelsesvis tillader videregivelse af personoplysninger.<\/p>\n<p>Vi bruger ogs\u00e5 de oplysninger, vi har om dig, til at sende dig marketingmeddelelser, kommunikere med dig om vores produkter og informere dig om vores politikker og vilk\u00e5r. Vi bruger ogs\u00e5 dine oplysninger til at svare dig, n\u00e5r du kontakter os.<\/p>\n<p>2.3 HVORDAN KAN DU H\u00c5NDH\u00c6VE DINE RETTIGHEDER I HENHOLD TIL GDPR?<\/p>\n<p>I henhold til den generelle databeskyttelsesforordning har du ret til at f\u00e5 adgang til, rette, overf\u00f8re og slette dine data. Du har ogs\u00e5 ret til at g\u00f8re indsigelse mod og begr\u00e6nse visse former for behandling af dine data. Dette omfatter: retten til at g\u00f8re indsigelse mod vores behandling af dine data til direkte markedsf\u00f8ring, som du kan ud\u00f8ve ved at bruge linket &#8220;afmeld&#8221; i den relevante markedsf\u00f8ringskommunikation.<\/p>\n<p>Du har ogs\u00e5 ret til at anmode om og modtage personoplysninger om dig selv, som du har indsendt til os. Du har ogs\u00e5 ret til at g\u00f8re indsigelse mod behandlingen af dine personoplysninger.<\/p>\n<p>2.4 RETTEN TIL SLETTE DINE PERSONOPLYSNINGER<\/p>\n<p>Du har ret til at f\u00e5 slettet personoplysninger om dig, selv efter du har givet samtykke i f\u00f8rste omgang.<\/p>\n<p>2.5 BESKYTTELSE AF PERSONOPLYSNINGER<\/p>\n<p>I henhold til g\u00e6ldende lovgivning skal dine personoplysninger opbevares sikkert og fortroligt. Vi opbevarer de personoplysninger, du afgiver, i vores IT-system eller fysisk i et afl\u00e5st skab. Vores sikkerhedsforanstaltninger kontrolleres l\u00f8bende for at afg\u00f8re, om vores behandling af personoplysninger h\u00e5ndteres ansvarligt og under hensyntagen til dine rettigheder som kunde.<\/p>\n<p>3. HVORDAN KAN JEG KONTAKTE BIOFOLIC LAB\u00ae, HVIS JEG HAR SP\u00d8RGSM\u00c5L?<\/p>\n<p>Hvis du \u00f8nsker adgang til de oplysninger, der er registreret om dig hos os, skal du kontakte os p\u00e5 e-mail: [info@biofolic.dk]. Er der registreret forkerte data, eller har du andre indsigelser, skal du henvende dig samme sted. Vi kan l\u00f8se tvister, du har med os vedr\u00f8rende vores privatlivspolitik og -praksis. Du har mulighed for at f\u00e5 indsigt i, hvilke oplysninger der er registreret om dig<\/p>\n<p>Dato for sidste revision: 14. maj 2018<\/p>\n<p>Denne hjemmeside bruger cookies for at give dig den bedste oplevelse, vi kan. Cookies er sm\u00e5 tekstfiler, der placeres p\u00e5 din computer eller mobiltelefon, n\u00e5r du bes\u00f8ger hjemmesider.<\/p>\n<p>Vi bruger cookies til f\u00f8lgende form\u00e5l:<\/p>\n<p>Forbedre din brugeroplevelse og f\u00e5 avancerede funktioner til at fungere<br \/>\nForbedre hastigheden\/sikkerheden p\u00e5 hjemmesiden<br \/>\nGiver dig mulighed for at dele sider med sociale netv\u00e6rk s\u00e5som Facebook og andre<br \/>\nForbedre l\u00f8bende vores hjemmeside til din fordel<br \/>\nTeknisk funktionalitet, s\u00e5 vi kan huske dine pr\u00e6ferencer<br \/>\nTrafikm\u00e5ling s\u00e5 vi ved hvor mange der bes\u00f8ger vores side og kan dokumentere dette<br \/>\nannoncebehandling, s\u00e5 vi kan kontrollere, hvor ofte den samme annonce vises til samme bruger og registrere, hvor mange der klikker p\u00e5 den.<br \/>\nAdf\u00e6rdsbaseret individuelt m\u00e5lrettet annoncering, s\u00e5 vi kan vise dig de annoncer, vi mener er mest relevante for dig.<br \/>\nVi bruger ikke cookies til:<\/p>\n<p>For at indsamle personligt identificerbare oplysninger (uden din udtrykkelige tilladelse)<br \/>\nAt indsamle f\u00f8lsomme oplysninger (uden din udtrykkelige tilladelse)<br \/>\nAt videregive personligt identificerbare data til tredjeparter<br \/>\nOversigt:<\/p>\n<p>Ejerinformation<br \/>\nHvad er cookies?<br \/>\nHvor l\u00e6nge lagres cookies<br \/>\nS\u00e5dan sletter du cookies<br \/>\nS\u00e5dan undg\u00e5r du cookies<br \/>\nHvad bruges cookies til p\u00e5 vores hjemmeside<br \/>\nBrug af personlige data<br \/>\nKontakt vedr\u00f8rende persondata<br \/>\nBeskyttelse af personlige data<br \/>\n1. Ejeroplysninger<\/p>\n<p>Denne hjemmeside tilbydes af:<\/p>\n<p>Biofolic Lab ApS<br \/>\nVester Voldgade 104, 2tv<br \/>\n1552 K\u00f8benhavn V<br \/>\nE-mail: info@biofolic.dk<\/p>\n<p>2. Cookies<br \/>\nDenne hjemmeside bruger cookies i henhold til ovenst\u00e5ende form\u00e5l. En cookie er en lille tekstfil, der gemmes i din browser og for at kunne genkende din computer ved gentagne bes\u00f8g. Der gemmes ingen personlige oplysninger i vores cookies, og de kan ikke indeholde virus.<\/p>\n<p>2.1 Hvor l\u00e6nge cookies opbevares<br \/>\nCookies sletter sig selv efter et vist antal m\u00e5neder (kan variere), men de fornyes efter hvert bes\u00f8g p\u00e5 vores hjemmeside.<\/p>\n<p>2.2 S\u00e5dan sletter du cookies<br \/>\nSe instruktioner her: minecookies.org\/cookiehandtering<\/p>\n<p>2.3 Hvordan undg\u00e5r du cookies?<br \/>\nHvis du ikke \u00f8nsker at modtage cookies, kan du blokere dem.<\/p>\n<p>Se instruktioner her: minecookies.org\/cookiehandtering<\/p>\n<p>2.4 Hvad bruges cookies til p\u00e5 vores hjemmeside<br \/>\nCookies bruges til at f\u00f8re statistik over antallet af brugere samt oplysninger om vores brugeres k\u00f8n, alder, geografi og interesser for at tilpasse indhold og annoncering derefter.<\/p>\n<p>Siden bruger cookies fra en eller flere af f\u00f8lgende parter og tredjeparter, der har adgang til de p\u00e5g\u00e6ldende cookies:<\/p>\n<p>Vores egne cookies<br \/>\nVi bruger cookies for at f\u00e5 vores hjemmeside til at fungere korrekt. Dette sker f.eks. hvis der tilbydes personaliseringsvalg p\u00e5 hjemmesiden, validering af data s\u00e5som telefonnummer, betalingsl\u00f8sninger, samt avanceret funktionalitet s\u00e5som afstemninger, produktvurderinger mv.<\/p>\n<p>Tredjeparts cookies<br \/>\nVores hjemmeside indeholder funktionalitet leveret af tredjeparter. Et almindeligt eksempel er en indlejret YouTube-video. Vores hjemmeside indeholder en eller flere af f\u00f8lgende, som bruger cookies:<\/p>\n<p>Google Analytics<br \/>\nMed mere<br \/>\nDeaktivering af disse cookies vil sandsynligvis afbryde de funktioner, der tilbydes af disse tredjeparter<\/p>\n<p>Cookies til sociale websteder<br \/>\nFor at du nemt kan &#8220;Synes godt om&#8221; eller dele vores indhold p\u00e5 Facebook, har vi inkluderet deleknapper p\u00e5 vores side.<\/p>\n<p>Vores hjemmeside indeholder f\u00f8lgende, som bruger cookies:<\/p>\n<p>Meta<br \/>\nGoogle<br \/>\nPrivatlivsimplikationerne af disse varierer fra netv\u00e6rk til netv\u00e6rk og vil afh\u00e6nge af de privatlivsindstillinger, du har valgt p\u00e5 disse tjenester.<\/p>\n<p>Cookies til at forbedre hjemmesiden<br \/>\nVi tester l\u00f8bende nye designs eller funktioner p\u00e5 vores hjemmeside. Det g\u00f8r vi ved at vise forskellige versioner af vores hjemmeside til forskellige bes\u00f8gende og anonymt analysere, hvordan vores bes\u00f8gende reagerer p\u00e5 disse forskellige versioner. I sidste ende hj\u00e6lper det os med at tilbyde dig en bedre hjemmeside.<\/p>\n<p>Cookies til anonym bes\u00f8gsstatistik<br \/>\nVi bruger cookies til at udarbejde bes\u00f8gsstatistik, som viser, hvor mange personer der har bes\u00f8gt vores hjemmeside, hvilken type teknologi de bruger (f.eks. Mac eller Windows, som hj\u00e6lper os med at identificere, om vores hjemmeside ikke fungerer som det kr\u00e6ves for specielle teknologier), hvor l\u00e6nge de bruger p\u00e5 siden, hvilken side de kigger p\u00e5 osv. Dette hj\u00e6lper os med at forbedre vores hjemmeside. Disse s\u00e5kaldte analyseprogrammer fort\u00e6ller os ogs\u00e5 anonymt, hvordan folk ankom til denne side (f.eks. fra en s\u00f8gemaskine), og om de har v\u00e6ret her f\u00f8r.<\/p>\n<p>Cookies til annoncering<br \/>\nCookies er meget brugt i online annoncering. Hverken vi, vores annonc\u00f8rer eller vores reklamepartnere modtager personligt identificerbare oplysninger fra disse cookies.<\/p>\n<p>Du kan l\u00e6re mere om online annoncering p\u00e5 http:\/\/www.minecookies.org\/cookiehandtering. Du kan frav\u00e6lge n\u00e6sten alle annonceringscookies p\u00e5 http:\/\/www.minecookies.org\/opt-out, selvom vi foretr\u00e6kker, at du ikke gjorde det . I sidste ende hj\u00e6lper reklamer med at holde meget af internettet fri. Det er ogs\u00e5 v\u00e6rd at bem\u00e6rke, at fravalg af annonceringscookies ikke betyder, at du ikke vil se annoncer, blot at de ikke l\u00e6ngere vil v\u00e6re skr\u00e6ddersyet til dig.<\/p>\n<p>Cookies til remarketing<br \/>\nDu har m\u00e5ske bem\u00e6rket, at du nogle gange efter at have bes\u00f8gt en hjemmeside ser et \u00f8get antal annoncer fra den hjemmeside, du lige har bes\u00f8gt. Teknologien til at g\u00f8re dette er muliggjort ved hj\u00e6lp af cookies. Vi placerer nogle gange en s\u00e5kaldt &#8220;remarketing-cookie&#8221; under dit bes\u00f8g. Vi bruger disse annoncer til at vise s\u00e6rlige tilbud og til at opmuntre dig til at vende tilbage til vores side. Du kan til enhver tid frav\u00e6lge disse cookies som forklaret ovenfor.<\/p>\n<p>&nbsp;<\/p>\n<p>4. Samtykke til h\u00e5ndtering af persondata<\/p>\n<p>I et behandlingsforl\u00f8b registreres og opbevares oplysninger og notater fra behandlinger.<\/p>\n<p>I starten af behandlingen vil du blive bedt om at give samtykke.<\/p>\n<p>Personoplysninger kan omfatte f\u00f8lgende typer:<\/p>\n<p>Navn<br \/>\ningen.<br \/>\nEmail adresse<br \/>\nKontakt information<br \/>\nSundhedsoplysninger<br \/>\nJournalnotater om sessionsforl\u00f8b<br \/>\nDin journal opbevares i den periode, som er fastsat af det norske styrelsen for patientsikkerhed. Den g\u00e6ldende frist er 5 \u00e5r fra seneste notat i journalen, jf. stk. journalbekendtg\u00f8relsens \u00a7 15, stk. 2: https:\/\/www.retsinformation.dk\/Forms\/R0710.aspx?id=183578<br \/>\nFotos, tests etc. hvis det har v\u00e6ret brugt under processen.<br \/>\nOplysningerne opbevares elektronisk hos Terapeut Booking (www.terapeutbooking.dk). Opbevaringen sker i overensstemmelse med den til enhver tid g\u00e6ldende lovgivning om persondataregulering (GDPR). Alle oplysninger er underlagt fortrolighed og fortrolighed.<\/p>\n<p>Af hensyn til bogf\u00f8ring og regnskab opbevares oplysninger i 5 \u00e5r efter g\u00e6ldende lovgivning. \u00d8vrige oplysninger opbevares efter endt forl\u00f8b i op til 6 m\u00e5neder. Efter dette vil dataene blive korrekt slettet. Dette er for at minimere datalagring jf. pkt. persondataforordningen.<\/p>\n<p>Ved opstart af nyt kursus oprettes en ny rekord, som kr\u00e6ver nyt samtykke.<\/p>\n<p>Tilbagetr\u00e6kning af dit samtykke til behandling af dine personoplysninger<\/p>\n<p>Du kan altid tr\u00e6kke dit samtykke tilbage. Det kan du g\u00f8re ved at kontakte mig p\u00e5 e-mail: info@novohair.dk<\/p>\n<p>Bogf\u00f8ring og regnskabsoplysninger<\/p>\n<p>F\u00f8lgende oplysninger opbevares i regnskabsprogrammet E-conomic (www.e-conomic.dk) i 5 \u00e5r if\u00f8lge lov om bogf\u00f8ring og regnskabsoplysninger (https:\/\/skat.dk\/):<\/p>\n<p>Navn<br \/>\nEmail adresse<br \/>\nKontaktoplysninger (telefonnummer + adresse)<br \/>\nFakturaer for sessioner<br \/>\nDatabehandleraftaler<\/p>\n<p>Regnskabsprogrammet E-conomic, Booking- og journalsystemet Terapeutbooking, Server til hjemmeside og e-mail.<\/p>\n<p>Dataansvarlig<\/p>\n<p>Hvis du har sp\u00f8rgsm\u00e5l til, hvordan dine data h\u00e5ndteres, kan du kontakte:<\/p>\n<p>Biofolic Lab ApS<\/p>\n<p>Vester Voldgade 104, 2tv<br \/>\n1552 K\u00f8benhavn V<br \/>\ninfo@biofolic.dk<\/p>\n<p>5. Utilsigtet h\u00e6ndelse<br \/>\nHvad er en utilsigtet h\u00e6ndelse?<br \/>\nEn h\u00e6ndelse er en h\u00e6ndelse, der for\u00e5rsager skade eller risiko for skade. En utilsigtet h\u00e6ndelse kan genkendes p\u00e5, at du som patient eller p\u00e5r\u00f8rende t\u00e6nker:<br \/>\n\u00bbDet, der skete her, burde ikke v\u00e6re sket. Det indeb\u00e6rer en risiko eller har indflydelse p\u00e5 mig eller min p\u00e5r\u00f8rendes behandling. Jeg vil v\u00e6re sikker p\u00e5, at de professionelle l\u00e6rer af denne fejl, b\u00e5de p\u00e5 det nuv\u00e6rende behandlingssted og i sundhedsv\u00e6senet generelt\u201d.<\/p>\n<p>H\u00e6ndelsen er utilsigtet, fordi de involverede fagfolk ikke har til hensigt at skade andre. Tv\u00e6rtimod vil de gerne v\u00e6re foruden h\u00e6ndelsen. Utilsigtede h\u00e6ndelser kan ske, hvis der fx er mangler i sikkerhedssystemer, problemer med teknisk udstyr og apparater, uhensigtsm\u00e6ssige forhold i tilrettel\u00e6ggelsen af arbejdet, misforst\u00e5elser eller tab af information.<\/p>\n<p>Du kan anmelde en h\u00e6ndelse her: info@biofolic.dk<\/p>\n<p>6. Patienterstatning<br \/>\nPatienterstatning omhandler erstatningskrav fra patienter, der er kommet til skade i forbindelse med behandling p\u00e5 sygehus, hos egen l\u00e6ge eller som f\u00f8lge af bivirkninger fra et l\u00e6gemiddel.<br \/>\nPatienterstatningen erstatter skader og d\u00f8dsfald, der opst\u00e5r som f\u00f8lge af behandling, manglende behandling eller sen behandling. De erstatter ogs\u00e5 konsekvenserne af skadelige bivirkninger for\u00e5rsaget af et l\u00e6gemiddel. Patienterstatningen kan alene erstatte \u00f8konomiske tab og yde erstatning for svie og smerter og\/eller varigt invaliditet.<br \/>\nDu kan se mere om patienterstatning og anmelde skade her: http:\/\/pebl.dk\/.<\/p>","protected":false},"excerpt":{"rendered":"<p>POLITIK FOR PERSONDATA OG GDPR PERSONOPLYSNINGER Den 25. maj 2018 tr\u00e6der EU&#8217;s generelle databeskyttelsesforordning (GDPR) i kraft i hele EU. Herefter skal virksomheder, offentlige myndigheder og organisationer, der behandler personoplysninger, overholde den nye forordning. Hos Biofolic Lab ApS l\u00e6gger vi stor v\u00e6gt p\u00e5 sikkerheden i h\u00e5ndteringen af dine persondata. Her er vores beskrivelse af, hvordan [&hellip;]<\/p>","protected":false},"author":2,"featured_media":0,"parent":0,"menu_order":0,"comment_status":"closed","ping_status":"closed","template":"","meta":{"footnotes":""},"categories":[],"class_list":["post-5186","page","type-page","status-publish","hentry"],"acf":[],"yoast_head":"<!-- This site is optimized with the Yoast SEO plugin v25.4 - https:\/\/yoast.com\/wordpress\/plugins\/seo\/ -->\n<title>Fortrolighedspolitik - Biofolic<\/title>\n<meta name=\"robots\" content=\"noindex, nofollow\" \/>\n<meta property=\"og:locale\" content=\"en_US\" \/>\n<meta property=\"og:type\" content=\"article\" \/>\n<meta property=\"og:title\" content=\"Fortrolighedspolitik - Biofolic\" \/>\n<meta property=\"og:description\" content=\"POLITIK FOR PERSONDATA OG GDPR PERSONOPLYSNINGER Den 25. maj 2018 tr\u00e6der EU&#8217;s generelle databeskyttelsesforordning (GDPR) i kraft i hele EU. Herefter skal virksomheder, offentlige myndigheder og organisationer, der behandler personoplysninger, overholde den nye forordning. Hos Biofolic Lab ApS l\u00e6gger vi stor v\u00e6gt p\u00e5 sikkerheden i h\u00e5ndteringen af dine persondata. Her er vores beskrivelse af, hvordan [&hellip;]\" \/>\n<meta property=\"og:url\" content=\"https:\/\/biofolic.dk\/en\/fortrolighedspolitik\/\" \/>\n<meta property=\"og:site_name\" content=\"Biofolic\" \/>\n<meta property=\"article:modified_time\" content=\"2025-11-11T18:21:25+00:00\" \/>\n<meta name=\"twitter:card\" content=\"summary_large_image\" \/>\n<meta name=\"twitter:label1\" content=\"Est. reading time\" \/>\n\t<meta name=\"twitter:data1\" content=\"12 minutes\" \/>\n<script type=\"application\/ld+json\" class=\"yoast-schema-graph\">{\"@context\":\"https:\/\/schema.org\",\"@graph\":[{\"@type\":\"WebPage\",\"@id\":\"https:\/\/biofolic.dk\/en\/fortrolighedspolitik\/\",\"url\":\"https:\/\/biofolic.dk\/en\/fortrolighedspolitik\/\",\"name\":\"Fortrolighedspolitik - Biofolic\",\"isPartOf\":{\"@id\":\"https:\/\/biofolic.dk\/en\/#website\"},\"datePublished\":\"2023-02-10T13:32:10+00:00\",\"dateModified\":\"2025-11-11T18:21:25+00:00\",\"breadcrumb\":{\"@id\":\"https:\/\/biofolic.dk\/en\/fortrolighedspolitik\/#breadcrumb\"},\"inLanguage\":\"en-US\",\"potentialAction\":[{\"@type\":\"ReadAction\",\"target\":[\"https:\/\/biofolic.dk\/en\/fortrolighedspolitik\/\"]}]},{\"@type\":\"BreadcrumbList\",\"@id\":\"https:\/\/biofolic.dk\/en\/fortrolighedspolitik\/#breadcrumb\",\"itemListElement\":[{\"@type\":\"ListItem\",\"position\":1,\"name\":\"Hjem\",\"item\":\"https:\/\/biofolic.dk\/\"},{\"@type\":\"ListItem\",\"position\":2,\"name\":\"Fortrolighedspolitik\"}]},{\"@type\":\"WebSite\",\"@id\":\"https:\/\/biofolic.dk\/en\/#website\",\"url\":\"https:\/\/biofolic.dk\/en\/\",\"name\":\"Biofolic\",\"description\":\"Hairgrowth Center\",\"potentialAction\":[{\"@type\":\"SearchAction\",\"target\":{\"@type\":\"EntryPoint\",\"urlTemplate\":\"https:\/\/biofolic.dk\/en\/?s={search_term_string}\"},\"query-input\":{\"@type\":\"PropertyValueSpecification\",\"valueRequired\":true,\"valueName\":\"search_term_string\"}}],\"inLanguage\":\"en-US\"}]}<\/script>\n<!-- \/ Yoast SEO plugin. -->","yoast_head_json":{"title":"Fortrolighedspolitik - Biofolic","robots":{"index":"noindex","follow":"nofollow"},"og_locale":"en_US","og_type":"article","og_title":"Fortrolighedspolitik - Biofolic","og_description":"POLITIK FOR PERSONDATA OG GDPR PERSONOPLYSNINGER Den 25. maj 2018 tr\u00e6der EU&#8217;s generelle databeskyttelsesforordning (GDPR) i kraft i hele EU. Herefter skal virksomheder, offentlige myndigheder og organisationer, der behandler personoplysninger, overholde den nye forordning. Hos Biofolic Lab ApS l\u00e6gger vi stor v\u00e6gt p\u00e5 sikkerheden i h\u00e5ndteringen af dine persondata. Her er vores beskrivelse af, hvordan [&hellip;]","og_url":"https:\/\/biofolic.dk\/en\/fortrolighedspolitik\/","og_site_name":"Biofolic","article_modified_time":"2025-11-11T18:21:25+00:00","twitter_card":"summary_large_image","twitter_misc":{"Est. reading time":"12 minutes"},"schema":{"@context":"https:\/\/schema.org","@graph":[{"@type":"WebPage","@id":"https:\/\/biofolic.dk\/en\/fortrolighedspolitik\/","url":"https:\/\/biofolic.dk\/en\/fortrolighedspolitik\/","name":"Fortrolighedspolitik - Biofolic","isPartOf":{"@id":"https:\/\/biofolic.dk\/en\/#website"},"datePublished":"2023-02-10T13:32:10+00:00","dateModified":"2025-11-11T18:21:25+00:00","breadcrumb":{"@id":"https:\/\/biofolic.dk\/en\/fortrolighedspolitik\/#breadcrumb"},"inLanguage":"en-US","potentialAction":[{"@type":"ReadAction","target":["https:\/\/biofolic.dk\/en\/fortrolighedspolitik\/"]}]},{"@type":"BreadcrumbList","@id":"https:\/\/biofolic.dk\/en\/fortrolighedspolitik\/#breadcrumb","itemListElement":[{"@type":"ListItem","position":1,"name":"Hjem","item":"https:\/\/biofolic.dk\/"},{"@type":"ListItem","position":2,"name":"Fortrolighedspolitik"}]},{"@type":"WebSite","@id":"https:\/\/biofolic.dk\/en\/#website","url":"https:\/\/biofolic.dk\/en\/","name":"Biofolic","description":"Hairgrowth Center","potentialAction":[{"@type":"SearchAction","target":{"@type":"EntryPoint","urlTemplate":"https:\/\/biofolic.dk\/en\/?s={search_term_string}"},"query-input":{"@type":"PropertyValueSpecification","valueRequired":true,"valueName":"search_term_string"}}],"inLanguage":"en-US"}]}},"_links":{"self":[{"href":"https:\/\/biofolic.dk\/en\/wp-json\/wp\/v2\/pages\/5186","targetHints":{"allow":["GET"]}}],"collection":[{"href":"https:\/\/biofolic.dk\/en\/wp-json\/wp\/v2\/pages"}],"about":[{"href":"https:\/\/biofolic.dk\/en\/wp-json\/wp\/v2\/types\/page"}],"author":[{"embeddable":true,"href":"https:\/\/biofolic.dk\/en\/wp-json\/wp\/v2\/users\/2"}],"replies":[{"embeddable":true,"href":"https:\/\/biofolic.dk\/en\/wp-json\/wp\/v2\/comments?post=5186"}],"version-history":[{"count":0,"href":"https:\/\/biofolic.dk\/en\/wp-json\/wp\/v2\/pages\/5186\/revisions"}],"wp:attachment":[{"href":"https:\/\/biofolic.dk\/en\/wp-json\/wp\/v2\/media?parent=5186"}],"wp:term":[{"taxonomy":"category","embeddable":true,"href":"https:\/\/biofolic.dk\/en\/wp-json\/wp\/v2\/categories?post=5186"}],"curies":[{"name":"wp","href":"https:\/\/api.w.org\/{rel}","templated":true}]}}