{"id":5185,"date":"2023-02-10T13:25:14","date_gmt":"2023-02-10T13:25:14","guid":{"rendered":"https:\/\/biofolic.dk\/?page_id=5185"},"modified":"2023-08-29T15:20:37","modified_gmt":"2023-08-29T15:20:37","slug":"vilkaar-og-betingelser","status":"publish","type":"page","link":"https:\/\/biofolic.dk\/en\/vilkaar-og-betingelser\/","title":{"rendered":"Vilk\u00e5r og betingelser"},"content":{"rendered":"<p><strong>Vilk\u00e5r og betingelser<\/strong><\/p>\n<p>Bel\u00f8bet for varerne tr\u00e6kkes f\u00f8rst, n\u00e5r Biofolic Lab\u00ae afsender din ordre og er dermed din garanti for, at handlen er gennemf\u00f8rt. Der kan aldrig tr\u00e6kkes et st\u00f8rre bel\u00f8b end det, du godkender p\u00e5 din ordre.<\/p>\n<p>Ordren vil blive afsendt 1-3 hverdage efter din bestilling, under foruds\u00e6tning af, at varerne er p\u00e5 lager. Er dette ikke tilf\u00e6ldet vil du f\u00e5 besked via e-mail, og bestillingen vil blive sendt uden de p\u00e5g\u00e6ldende varer, der er i restordre. Du skal naturligvis ikke betale for varer, der ikke bliver sendt. Er varen g\u00e5et i stykker ved modtagelsen ombyttes den. Der er fuld returret inden 14 dage fra leveringstidspunktet. Ved returnering af varen skal du selv afholde eventuelle omkostninger. Klienten afholder selv evt. udgifter til told og skat i modtagerlandet.<\/p>\n<p>Der vil blive tillagt porto og evt. gebyrer ved forsendelse.<\/p>\n<p>Hvis man k\u00f8ber produkter til afhentning p\u00e5 klinikken, modtager man en mail, n\u00e5r de er klar til afhentning.<\/p>\n<p>Alle priser er i DKK inkl. moms<\/p>\n<p>&nbsp;<\/p>\n<p><strong>Abonnementer<\/strong><\/p>\n<p>For abonnementer vil abonnementsprisen, som st\u00e5r skrevet p\u00e5 produktsiden, blive trukket for hver abonnentsperiode. En kvittering for dette, vil blive sendt p\u00e5 e-mail. Emailen inkluderer en dato med start p\u00e5 n\u00e6ste abonnementsperiode. Hvis du har nogle foresp\u00f8rgsler omkring din kvittering eller andre sp\u00f8rgsm\u00e5l, kontakt da venligst info@biofolic.dk<\/p>\n<p>Ved afbestilling af dit abonnement, skal du tage kontakt til info@biofolic.dk<br \/>\nOpsigelsen er \u00f8jeblikkelig, og efter opsigelsen vil der ikke blive faktureret eller trukket yderligere. Allerede udsendte fakturaer skal dog stadig betales.<\/p>\n<p>Du skal dog stadigv\u00e6k betale for kvitteringer\/bestillinger der allerede er udstedt. Du skal afbestille din bestilling mindst 14 dage f\u00f8r, at n\u00e6ste abonnementsperiode starter.<\/p>","protected":false},"excerpt":{"rendered":"<p>Vilk\u00e5r og betingelser Bel\u00f8bet for varerne tr\u00e6kkes f\u00f8rst, n\u00e5r Biofolic Lab\u00ae afsender din ordre og er dermed din garanti for, at handlen er gennemf\u00f8rt. Der kan aldrig tr\u00e6kkes et st\u00f8rre bel\u00f8b end det, du godkender p\u00e5 din ordre. Ordren vil blive afsendt 1-3 hverdage efter din bestilling, under foruds\u00e6tning af, at varerne er p\u00e5 lager. [&hellip;]<\/p>","protected":false},"author":2,"featured_media":0,"parent":0,"menu_order":0,"comment_status":"closed","ping_status":"closed","template":"","meta":{"footnotes":""},"categories":[],"class_list":["post-5185","page","type-page","status-publish","hentry"],"acf":[],"yoast_head":"<!-- This site is optimized with the Yoast SEO plugin v25.4 - https:\/\/yoast.com\/wordpress\/plugins\/seo\/ -->\n<title>Vilk\u00e5r og betingelser - Biofolic<\/title>\n<meta name=\"robots\" content=\"index, follow, max-snippet:-1, max-image-preview:large, max-video-preview:-1\" \/>\n<link rel=\"canonical\" href=\"https:\/\/biofolic.dk\/en\/vilkaar-og-betingelser\/\" \/>\n<meta property=\"og:locale\" content=\"en_US\" \/>\n<meta property=\"og:type\" content=\"article\" \/>\n<meta property=\"og:title\" content=\"Vilk\u00e5r og betingelser - Biofolic\" \/>\n<meta property=\"og:description\" content=\"Vilk\u00e5r og betingelser Bel\u00f8bet for varerne tr\u00e6kkes f\u00f8rst, n\u00e5r Biofolic Lab\u00ae afsender din ordre og er dermed din garanti for, at handlen er gennemf\u00f8rt. Der kan aldrig tr\u00e6kkes et st\u00f8rre bel\u00f8b end det, du godkender p\u00e5 din ordre. Ordren vil blive afsendt 1-3 hverdage efter din bestilling, under foruds\u00e6tning af, at varerne er p\u00e5 lager. [&hellip;]\" \/>\n<meta property=\"og:url\" content=\"https:\/\/biofolic.dk\/en\/vilkaar-og-betingelser\/\" \/>\n<meta property=\"og:site_name\" content=\"Biofolic\" \/>\n<meta property=\"article:modified_time\" content=\"2023-08-29T15:20:37+00:00\" \/>\n<meta name=\"twitter:card\" content=\"summary_large_image\" \/>\n<meta name=\"twitter:label1\" content=\"Est. reading time\" \/>\n\t<meta name=\"twitter:data1\" content=\"2 minutes\" \/>\n<script type=\"application\/ld+json\" class=\"yoast-schema-graph\">{\"@context\":\"https:\/\/schema.org\",\"@graph\":[{\"@type\":\"WebPage\",\"@id\":\"https:\/\/biofolic.dk\/en\/vilkaar-og-betingelser\/\",\"url\":\"https:\/\/biofolic.dk\/en\/vilkaar-og-betingelser\/\",\"name\":\"Vilk\u00e5r og betingelser - Biofolic\",\"isPartOf\":{\"@id\":\"https:\/\/biofolic.dk\/en\/#website\"},\"datePublished\":\"2023-02-10T13:25:14+00:00\",\"dateModified\":\"2023-08-29T15:20:37+00:00\",\"breadcrumb\":{\"@id\":\"https:\/\/biofolic.dk\/en\/vilkaar-og-betingelser\/#breadcrumb\"},\"inLanguage\":\"en-US\",\"potentialAction\":[{\"@type\":\"ReadAction\",\"target\":[\"https:\/\/biofolic.dk\/en\/vilkaar-og-betingelser\/\"]}]},{\"@type\":\"BreadcrumbList\",\"@id\":\"https:\/\/biofolic.dk\/en\/vilkaar-og-betingelser\/#breadcrumb\",\"itemListElement\":[{\"@type\":\"ListItem\",\"position\":1,\"name\":\"Hjem\",\"item\":\"https:\/\/biofolic.dk\/\"},{\"@type\":\"ListItem\",\"position\":2,\"name\":\"Vilk\u00e5r og betingelser\"}]},{\"@type\":\"WebSite\",\"@id\":\"https:\/\/biofolic.dk\/en\/#website\",\"url\":\"https:\/\/biofolic.dk\/en\/\",\"name\":\"Biofolic\",\"description\":\"Hairgrowth Center\",\"potentialAction\":[{\"@type\":\"SearchAction\",\"target\":{\"@type\":\"EntryPoint\",\"urlTemplate\":\"https:\/\/biofolic.dk\/en\/?s={search_term_string}\"},\"query-input\":{\"@type\":\"PropertyValueSpecification\",\"valueRequired\":true,\"valueName\":\"search_term_string\"}}],\"inLanguage\":\"en-US\"}]}<\/script>\n<!-- \/ Yoast SEO plugin. -->","yoast_head_json":{"title":"Vilk\u00e5r og betingelser - Biofolic","robots":{"index":"index","follow":"follow","max-snippet":"max-snippet:-1","max-image-preview":"max-image-preview:large","max-video-preview":"max-video-preview:-1"},"canonical":"https:\/\/biofolic.dk\/en\/vilkaar-og-betingelser\/","og_locale":"en_US","og_type":"article","og_title":"Vilk\u00e5r og betingelser - Biofolic","og_description":"Vilk\u00e5r og betingelser Bel\u00f8bet for varerne tr\u00e6kkes f\u00f8rst, n\u00e5r Biofolic Lab\u00ae afsender din ordre og er dermed din garanti for, at handlen er gennemf\u00f8rt. Der kan aldrig tr\u00e6kkes et st\u00f8rre bel\u00f8b end det, du godkender p\u00e5 din ordre. Ordren vil blive afsendt 1-3 hverdage efter din bestilling, under foruds\u00e6tning af, at varerne er p\u00e5 lager. [&hellip;]","og_url":"https:\/\/biofolic.dk\/en\/vilkaar-og-betingelser\/","og_site_name":"Biofolic","article_modified_time":"2023-08-29T15:20:37+00:00","twitter_card":"summary_large_image","twitter_misc":{"Est. reading time":"2 minutes"},"schema":{"@context":"https:\/\/schema.org","@graph":[{"@type":"WebPage","@id":"https:\/\/biofolic.dk\/en\/vilkaar-og-betingelser\/","url":"https:\/\/biofolic.dk\/en\/vilkaar-og-betingelser\/","name":"Vilk\u00e5r og betingelser - Biofolic","isPartOf":{"@id":"https:\/\/biofolic.dk\/en\/#website"},"datePublished":"2023-02-10T13:25:14+00:00","dateModified":"2023-08-29T15:20:37+00:00","breadcrumb":{"@id":"https:\/\/biofolic.dk\/en\/vilkaar-og-betingelser\/#breadcrumb"},"inLanguage":"en-US","potentialAction":[{"@type":"ReadAction","target":["https:\/\/biofolic.dk\/en\/vilkaar-og-betingelser\/"]}]},{"@type":"BreadcrumbList","@id":"https:\/\/biofolic.dk\/en\/vilkaar-og-betingelser\/#breadcrumb","itemListElement":[{"@type":"ListItem","position":1,"name":"Hjem","item":"https:\/\/biofolic.dk\/"},{"@type":"ListItem","position":2,"name":"Vilk\u00e5r og betingelser"}]},{"@type":"WebSite","@id":"https:\/\/biofolic.dk\/en\/#website","url":"https:\/\/biofolic.dk\/en\/","name":"Biofolic","description":"Hairgrowth Center","potentialAction":[{"@type":"SearchAction","target":{"@type":"EntryPoint","urlTemplate":"https:\/\/biofolic.dk\/en\/?s={search_term_string}"},"query-input":{"@type":"PropertyValueSpecification","valueRequired":true,"valueName":"search_term_string"}}],"inLanguage":"en-US"}]}},"_links":{"self":[{"href":"https:\/\/biofolic.dk\/en\/wp-json\/wp\/v2\/pages\/5185","targetHints":{"allow":["GET"]}}],"collection":[{"href":"https:\/\/biofolic.dk\/en\/wp-json\/wp\/v2\/pages"}],"about":[{"href":"https:\/\/biofolic.dk\/en\/wp-json\/wp\/v2\/types\/page"}],"author":[{"embeddable":true,"href":"https:\/\/biofolic.dk\/en\/wp-json\/wp\/v2\/users\/2"}],"replies":[{"embeddable":true,"href":"https:\/\/biofolic.dk\/en\/wp-json\/wp\/v2\/comments?post=5185"}],"version-history":[{"count":0,"href":"https:\/\/biofolic.dk\/en\/wp-json\/wp\/v2\/pages\/5185\/revisions"}],"wp:attachment":[{"href":"https:\/\/biofolic.dk\/en\/wp-json\/wp\/v2\/media?parent=5185"}],"wp:term":[{"taxonomy":"category","embeddable":true,"href":"https:\/\/biofolic.dk\/en\/wp-json\/wp\/v2\/categories?post=5185"}],"curies":[{"name":"wp","href":"https:\/\/api.w.org\/{rel}","templated":true}]}}