{"id":4808,"date":"2022-11-09T09:49:59","date_gmt":"2022-11-09T09:49:59","guid":{"rendered":"https:\/\/biofolic.dk\/?page_id=4808"},"modified":"2023-08-03T19:58:27","modified_gmt":"2023-08-03T19:58:27","slug":"haartab-alopecia-areata-maend","status":"publish","type":"page","link":"https:\/\/biofolic.dk\/en\/h%C3%A5rtab-alopecia-areata-m%C3%A6nd\/","title":{"rendered":"Alopecia Areata"},"content":{"rendered":"","protected":false},"excerpt":{"rendered":"","protected":false},"author":1,"featured_media":0,"parent":0,"menu_order":0,"comment_status":"closed","ping_status":"closed","template":"","meta":{"footnotes":""},"categories":[41],"class_list":["post-4808","page","type-page","status-publish","hentry","category-man"],"acf":[],"yoast_head":"<!-- This site is optimized with the Yoast SEO plugin v25.4 - https:\/\/yoast.com\/wordpress\/plugins\/seo\/ -->\n<title>Hvad Er Alopecia Areata hos M\u00e6nd? - Biofolic Lab?<\/title>\n<meta name=\"description\" content=\"Mange m\u00e6nd lider af pletskaldethed, alopecia areata. Denne type h\u00e5rtab kan behandles, hvis du ikke venter for l\u00e6nge. Kontakt Biofolic Lab\u00ae og h\u00f8r mere.\" \/>\n<meta name=\"robots\" content=\"index, follow, max-snippet:-1, max-image-preview:large, max-video-preview:-1\" \/>\n<link rel=\"canonical\" href=\"https:\/\/biofolic.dk\/en\/h\u00e5rtab-alopecia-areata-m\u00e6nd\/\" \/>\n<meta property=\"og:locale\" content=\"en_US\" \/>\n<meta property=\"og:type\" content=\"article\" \/>\n<meta property=\"og:title\" content=\"Hvad Er Alopecia Areata hos M\u00e6nd? - Biofolic Lab?\" \/>\n<meta property=\"og:description\" content=\"Mange m\u00e6nd lider af pletskaldethed, alopecia areata. Denne type h\u00e5rtab kan behandles, hvis du ikke venter for l\u00e6nge. Kontakt Biofolic Lab\u00ae og h\u00f8r mere.\" \/>\n<meta property=\"og:url\" content=\"https:\/\/biofolic.dk\/en\/h\u00e5rtab-alopecia-areata-m\u00e6nd\/\" \/>\n<meta property=\"og:site_name\" content=\"Biofolic\" \/>\n<meta property=\"article:modified_time\" content=\"2023-08-03T19:58:27+00:00\" \/>\n<meta name=\"twitter:card\" content=\"summary_large_image\" \/>\n<script type=\"application\/ld+json\" class=\"yoast-schema-graph\">{\"@context\":\"https:\/\/schema.org\",\"@graph\":[{\"@type\":\"WebPage\",\"@id\":\"https:\/\/biofolic.dk\/en\/h%C3%A5rtab-alopecia-areata-m%C3%A6nd\/\",\"url\":\"https:\/\/biofolic.dk\/en\/h%C3%A5rtab-alopecia-areata-m%C3%A6nd\/\",\"name\":\"Hvad Er Alopecia Areata hos M\u00e6nd? - Biofolic Lab?\",\"isPartOf\":{\"@id\":\"https:\/\/biofolic.dk\/en\/#website\"},\"datePublished\":\"2022-11-09T09:49:59+00:00\",\"dateModified\":\"2023-08-03T19:58:27+00:00\",\"description\":\"Mange m\u00e6nd lider af pletskaldethed, alopecia areata. Denne type h\u00e5rtab kan behandles, hvis du ikke venter for l\u00e6nge. Kontakt Biofolic Lab\u00ae og h\u00f8r mere.\",\"breadcrumb\":{\"@id\":\"https:\/\/biofolic.dk\/en\/h%C3%A5rtab-alopecia-areata-m%C3%A6nd\/#breadcrumb\"},\"inLanguage\":\"en-US\",\"potentialAction\":[{\"@type\":\"ReadAction\",\"target\":[\"https:\/\/biofolic.dk\/en\/h%C3%A5rtab-alopecia-areata-m%C3%A6nd\/\"]}]},{\"@type\":\"BreadcrumbList\",\"@id\":\"https:\/\/biofolic.dk\/en\/h%C3%A5rtab-alopecia-areata-m%C3%A6nd\/#breadcrumb\",\"itemListElement\":[{\"@type\":\"ListItem\",\"position\":1,\"name\":\"Hjem\",\"item\":\"https:\/\/biofolic.dk\/\"},{\"@type\":\"ListItem\",\"position\":2,\"name\":\"Alopecia Areata\"}]},{\"@type\":\"WebSite\",\"@id\":\"https:\/\/biofolic.dk\/en\/#website\",\"url\":\"https:\/\/biofolic.dk\/en\/\",\"name\":\"Biofolic\",\"description\":\"Hairgrowth Center\",\"potentialAction\":[{\"@type\":\"SearchAction\",\"target\":{\"@type\":\"EntryPoint\",\"urlTemplate\":\"https:\/\/biofolic.dk\/en\/?s={search_term_string}\"},\"query-input\":{\"@type\":\"PropertyValueSpecification\",\"valueRequired\":true,\"valueName\":\"search_term_string\"}}],\"inLanguage\":\"en-US\"}]}<\/script>\n<!-- \/ Yoast SEO plugin. -->","yoast_head_json":{"title":"Hvad Er Alopecia Areata hos M\u00e6nd? - Biofolic Lab?","description":"Mange m\u00e6nd lider af pletskaldethed, alopecia areata. Denne type h\u00e5rtab kan behandles, hvis du ikke venter for l\u00e6nge. Kontakt Biofolic Lab\u00ae og h\u00f8r mere.","robots":{"index":"index","follow":"follow","max-snippet":"max-snippet:-1","max-image-preview":"max-image-preview:large","max-video-preview":"max-video-preview:-1"},"canonical":"https:\/\/biofolic.dk\/en\/h\u00e5rtab-alopecia-areata-m\u00e6nd\/","og_locale":"en_US","og_type":"article","og_title":"Hvad Er Alopecia Areata hos M\u00e6nd? - Biofolic Lab?","og_description":"Mange m\u00e6nd lider af pletskaldethed, alopecia areata. Denne type h\u00e5rtab kan behandles, hvis du ikke venter for l\u00e6nge. Kontakt Biofolic Lab\u00ae og h\u00f8r mere.","og_url":"https:\/\/biofolic.dk\/en\/h\u00e5rtab-alopecia-areata-m\u00e6nd\/","og_site_name":"Biofolic","article_modified_time":"2023-08-03T19:58:27+00:00","twitter_card":"summary_large_image","schema":{"@context":"https:\/\/schema.org","@graph":[{"@type":"WebPage","@id":"https:\/\/biofolic.dk\/en\/h%C3%A5rtab-alopecia-areata-m%C3%A6nd\/","url":"https:\/\/biofolic.dk\/en\/h%C3%A5rtab-alopecia-areata-m%C3%A6nd\/","name":"Hvad Er Alopecia Areata hos M\u00e6nd? - Biofolic Lab?","isPartOf":{"@id":"https:\/\/biofolic.dk\/en\/#website"},"datePublished":"2022-11-09T09:49:59+00:00","dateModified":"2023-08-03T19:58:27+00:00","description":"Mange m\u00e6nd lider af pletskaldethed, alopecia areata. Denne type h\u00e5rtab kan behandles, hvis du ikke venter for l\u00e6nge. Kontakt Biofolic Lab\u00ae og h\u00f8r mere.","breadcrumb":{"@id":"https:\/\/biofolic.dk\/en\/h%C3%A5rtab-alopecia-areata-m%C3%A6nd\/#breadcrumb"},"inLanguage":"en-US","potentialAction":[{"@type":"ReadAction","target":["https:\/\/biofolic.dk\/en\/h%C3%A5rtab-alopecia-areata-m%C3%A6nd\/"]}]},{"@type":"BreadcrumbList","@id":"https:\/\/biofolic.dk\/en\/h%C3%A5rtab-alopecia-areata-m%C3%A6nd\/#breadcrumb","itemListElement":[{"@type":"ListItem","position":1,"name":"Hjem","item":"https:\/\/biofolic.dk\/"},{"@type":"ListItem","position":2,"name":"Alopecia Areata"}]},{"@type":"WebSite","@id":"https:\/\/biofolic.dk\/en\/#website","url":"https:\/\/biofolic.dk\/en\/","name":"Biofolic","description":"Hairgrowth Center","potentialAction":[{"@type":"SearchAction","target":{"@type":"EntryPoint","urlTemplate":"https:\/\/biofolic.dk\/en\/?s={search_term_string}"},"query-input":{"@type":"PropertyValueSpecification","valueRequired":true,"valueName":"search_term_string"}}],"inLanguage":"en-US"}]}},"_links":{"self":[{"href":"https:\/\/biofolic.dk\/en\/wp-json\/wp\/v2\/pages\/4808","targetHints":{"allow":["GET"]}}],"collection":[{"href":"https:\/\/biofolic.dk\/en\/wp-json\/wp\/v2\/pages"}],"about":[{"href":"https:\/\/biofolic.dk\/en\/wp-json\/wp\/v2\/types\/page"}],"author":[{"embeddable":true,"href":"https:\/\/biofolic.dk\/en\/wp-json\/wp\/v2\/users\/1"}],"replies":[{"embeddable":true,"href":"https:\/\/biofolic.dk\/en\/wp-json\/wp\/v2\/comments?post=4808"}],"version-history":[{"count":0,"href":"https:\/\/biofolic.dk\/en\/wp-json\/wp\/v2\/pages\/4808\/revisions"}],"wp:attachment":[{"href":"https:\/\/biofolic.dk\/en\/wp-json\/wp\/v2\/media?parent=4808"}],"wp:term":[{"taxonomy":"category","embeddable":true,"href":"https:\/\/biofolic.dk\/en\/wp-json\/wp\/v2\/categories?post=4808"}],"curies":[{"name":"wp","href":"https:\/\/api.w.org\/{rel}","templated":true}]}}