{"id":4795,"date":"2022-11-08T09:08:47","date_gmt":"2022-11-08T09:08:47","guid":{"rendered":"https:\/\/biofolic.dk\/?page_id=4795"},"modified":"2024-02-26T23:48:46","modified_gmt":"2024-02-26T23:48:46","slug":"haartab-maend","status":"publish","type":"page","link":"https:\/\/biofolic.dk\/en\/h%C3%A5rtab-m%C3%A6nd\/","title":{"rendered":"Mandligt h\u00e5rtab"},"content":{"rendered":"","protected":false},"excerpt":{"rendered":"","protected":false},"author":1,"featured_media":0,"parent":0,"menu_order":0,"comment_status":"closed","ping_status":"closed","template":"","meta":{"footnotes":""},"categories":[41],"class_list":["post-4795","page","type-page","status-publish","hentry","category-man"],"acf":[],"yoast_head":"<!-- This site is optimized with the Yoast SEO plugin v25.4 - https:\/\/yoast.com\/wordpress\/plugins\/seo\/ -->\n<title>Alt Hvad du Beh\u00f8ver at Vide om H\u00e5rtab Hos M\u00e6nd - Biofolic Lab<\/title>\n<meta name=\"description\" content=\"F\u00e5 hj\u00e6lp til dit h\u00e5rtab. H\u00f8je tindinger, skaldethed og vigende h\u00e5rgr\u00e6nse kan behandles, se vores forskellige intensive behandlingsplaner og book en tid.\" \/>\n<meta name=\"robots\" content=\"index, follow, max-snippet:-1, max-image-preview:large, max-video-preview:-1\" \/>\n<link rel=\"canonical\" href=\"https:\/\/biofolic.dk\/en\/h\u00e5rtab-m\u00e6nd\/\" \/>\n<meta property=\"og:locale\" content=\"en_US\" \/>\n<meta property=\"og:type\" content=\"article\" \/>\n<meta property=\"og:title\" content=\"Alt Hvad du Beh\u00f8ver at Vide om H\u00e5rtab Hos M\u00e6nd - Biofolic Lab\" \/>\n<meta property=\"og:description\" content=\"F\u00e5 hj\u00e6lp til dit h\u00e5rtab. H\u00f8je tindinger, skaldethed og vigende h\u00e5rgr\u00e6nse kan behandles, se vores forskellige intensive behandlingsplaner og book en tid.\" \/>\n<meta property=\"og:url\" content=\"https:\/\/biofolic.dk\/en\/h\u00e5rtab-m\u00e6nd\/\" \/>\n<meta property=\"og:site_name\" content=\"Biofolic\" \/>\n<meta property=\"article:modified_time\" content=\"2024-02-26T23:48:46+00:00\" \/>\n<meta name=\"twitter:card\" content=\"summary_large_image\" \/>\n<script type=\"application\/ld+json\" class=\"yoast-schema-graph\">{\"@context\":\"https:\/\/schema.org\",\"@graph\":[{\"@type\":\"WebPage\",\"@id\":\"https:\/\/biofolic.dk\/en\/h%C3%A5rtab-m%C3%A6nd\/\",\"url\":\"https:\/\/biofolic.dk\/en\/h%C3%A5rtab-m%C3%A6nd\/\",\"name\":\"Alt Hvad du Beh\u00f8ver at Vide om H\u00e5rtab Hos M\u00e6nd - Biofolic Lab\",\"isPartOf\":{\"@id\":\"https:\/\/biofolic.dk\/en\/#website\"},\"datePublished\":\"2022-11-08T09:08:47+00:00\",\"dateModified\":\"2024-02-26T23:48:46+00:00\",\"description\":\"F\u00e5 hj\u00e6lp til dit h\u00e5rtab. H\u00f8je tindinger, skaldethed og vigende h\u00e5rgr\u00e6nse kan behandles, se vores forskellige intensive behandlingsplaner og book en tid.\",\"breadcrumb\":{\"@id\":\"https:\/\/biofolic.dk\/en\/h%C3%A5rtab-m%C3%A6nd\/#breadcrumb\"},\"inLanguage\":\"en-US\",\"potentialAction\":[{\"@type\":\"ReadAction\",\"target\":[\"https:\/\/biofolic.dk\/en\/h%C3%A5rtab-m%C3%A6nd\/\"]}]},{\"@type\":\"BreadcrumbList\",\"@id\":\"https:\/\/biofolic.dk\/en\/h%C3%A5rtab-m%C3%A6nd\/#breadcrumb\",\"itemListElement\":[{\"@type\":\"ListItem\",\"position\":1,\"name\":\"Hjem\",\"item\":\"https:\/\/biofolic.dk\/\"},{\"@type\":\"ListItem\",\"position\":2,\"name\":\"Mandligt h\u00e5rtab\"}]},{\"@type\":\"WebSite\",\"@id\":\"https:\/\/biofolic.dk\/en\/#website\",\"url\":\"https:\/\/biofolic.dk\/en\/\",\"name\":\"Biofolic\",\"description\":\"Hairgrowth Center\",\"potentialAction\":[{\"@type\":\"SearchAction\",\"target\":{\"@type\":\"EntryPoint\",\"urlTemplate\":\"https:\/\/biofolic.dk\/en\/?s={search_term_string}\"},\"query-input\":{\"@type\":\"PropertyValueSpecification\",\"valueRequired\":true,\"valueName\":\"search_term_string\"}}],\"inLanguage\":\"en-US\"}]}<\/script>\n<!-- \/ Yoast SEO plugin. -->","yoast_head_json":{"title":"Alt Hvad du Beh\u00f8ver at Vide om H\u00e5rtab Hos M\u00e6nd - Biofolic Lab","description":"F\u00e5 hj\u00e6lp til dit h\u00e5rtab. H\u00f8je tindinger, skaldethed og vigende h\u00e5rgr\u00e6nse kan behandles, se vores forskellige intensive behandlingsplaner og book en tid.","robots":{"index":"index","follow":"follow","max-snippet":"max-snippet:-1","max-image-preview":"max-image-preview:large","max-video-preview":"max-video-preview:-1"},"canonical":"https:\/\/biofolic.dk\/en\/h\u00e5rtab-m\u00e6nd\/","og_locale":"en_US","og_type":"article","og_title":"Alt Hvad du Beh\u00f8ver at Vide om H\u00e5rtab Hos M\u00e6nd - Biofolic Lab","og_description":"F\u00e5 hj\u00e6lp til dit h\u00e5rtab. H\u00f8je tindinger, skaldethed og vigende h\u00e5rgr\u00e6nse kan behandles, se vores forskellige intensive behandlingsplaner og book en tid.","og_url":"https:\/\/biofolic.dk\/en\/h\u00e5rtab-m\u00e6nd\/","og_site_name":"Biofolic","article_modified_time":"2024-02-26T23:48:46+00:00","twitter_card":"summary_large_image","schema":{"@context":"https:\/\/schema.org","@graph":[{"@type":"WebPage","@id":"https:\/\/biofolic.dk\/en\/h%C3%A5rtab-m%C3%A6nd\/","url":"https:\/\/biofolic.dk\/en\/h%C3%A5rtab-m%C3%A6nd\/","name":"Alt Hvad du Beh\u00f8ver at Vide om H\u00e5rtab Hos M\u00e6nd - Biofolic Lab","isPartOf":{"@id":"https:\/\/biofolic.dk\/en\/#website"},"datePublished":"2022-11-08T09:08:47+00:00","dateModified":"2024-02-26T23:48:46+00:00","description":"F\u00e5 hj\u00e6lp til dit h\u00e5rtab. H\u00f8je tindinger, skaldethed og vigende h\u00e5rgr\u00e6nse kan behandles, se vores forskellige intensive behandlingsplaner og book en tid.","breadcrumb":{"@id":"https:\/\/biofolic.dk\/en\/h%C3%A5rtab-m%C3%A6nd\/#breadcrumb"},"inLanguage":"en-US","potentialAction":[{"@type":"ReadAction","target":["https:\/\/biofolic.dk\/en\/h%C3%A5rtab-m%C3%A6nd\/"]}]},{"@type":"BreadcrumbList","@id":"https:\/\/biofolic.dk\/en\/h%C3%A5rtab-m%C3%A6nd\/#breadcrumb","itemListElement":[{"@type":"ListItem","position":1,"name":"Hjem","item":"https:\/\/biofolic.dk\/"},{"@type":"ListItem","position":2,"name":"Mandligt h\u00e5rtab"}]},{"@type":"WebSite","@id":"https:\/\/biofolic.dk\/en\/#website","url":"https:\/\/biofolic.dk\/en\/","name":"Biofolic","description":"Hairgrowth Center","potentialAction":[{"@type":"SearchAction","target":{"@type":"EntryPoint","urlTemplate":"https:\/\/biofolic.dk\/en\/?s={search_term_string}"},"query-input":{"@type":"PropertyValueSpecification","valueRequired":true,"valueName":"search_term_string"}}],"inLanguage":"en-US"}]}},"_links":{"self":[{"href":"https:\/\/biofolic.dk\/en\/wp-json\/wp\/v2\/pages\/4795","targetHints":{"allow":["GET"]}}],"collection":[{"href":"https:\/\/biofolic.dk\/en\/wp-json\/wp\/v2\/pages"}],"about":[{"href":"https:\/\/biofolic.dk\/en\/wp-json\/wp\/v2\/types\/page"}],"author":[{"embeddable":true,"href":"https:\/\/biofolic.dk\/en\/wp-json\/wp\/v2\/users\/1"}],"replies":[{"embeddable":true,"href":"https:\/\/biofolic.dk\/en\/wp-json\/wp\/v2\/comments?post=4795"}],"version-history":[{"count":0,"href":"https:\/\/biofolic.dk\/en\/wp-json\/wp\/v2\/pages\/4795\/revisions"}],"wp:attachment":[{"href":"https:\/\/biofolic.dk\/en\/wp-json\/wp\/v2\/media?parent=4795"}],"wp:term":[{"taxonomy":"category","embeddable":true,"href":"https:\/\/biofolic.dk\/en\/wp-json\/wp\/v2\/categories?post=4795"}],"curies":[{"name":"wp","href":"https:\/\/api.w.org\/{rel}","templated":true}]}}