{"id":47,"date":"2022-07-01T12:14:01","date_gmt":"2022-07-01T12:14:01","guid":{"rendered":"http:\/\/biofolic.local\/?page_id=47"},"modified":"2025-06-12T12:44:09","modified_gmt":"2025-06-12T12:44:09","slug":"forside","status":"publish","type":"page","link":"https:\/\/biofolic.dk\/en\/","title":{"rendered":"Forside"},"content":{"rendered":"","protected":false},"excerpt":{"rendered":"","protected":false},"author":1,"featured_media":0,"parent":0,"menu_order":0,"comment_status":"closed","ping_status":"closed","template":"","meta":{"footnotes":""},"categories":[1],"class_list":["post-47","page","type-page","status-publish","hentry","category-uncategorized"],"acf":[],"yoast_head":"<!-- This site is optimized with the Yoast SEO plugin v25.4 - https:\/\/yoast.com\/wordpress\/plugins\/seo\/ -->\n<title>Bek\u00e6mp dit h\u00e5rtab med os! - Biofolic Lab<\/title>\n<meta name=\"description\" content=\"Bek\u00e6mpelsen af \u200b\u200bh\u00e5rtab er en rejse mod \u00f8get livskvalitet. Det er vores mission at hj\u00e6lpe dig med at f\u00e5 det bedre med dig selv.\" \/>\n<meta name=\"robots\" content=\"index, follow, max-snippet:-1, max-image-preview:large, max-video-preview:-1\" \/>\n<link rel=\"canonical\" href=\"https:\/\/biofolic.dk\/en\/\" \/>\n<meta property=\"og:locale\" content=\"en_US\" \/>\n<meta property=\"og:type\" content=\"article\" \/>\n<meta property=\"og:title\" content=\"Bek\u00e6mp dit h\u00e5rtab med os! - Biofolic Lab\" \/>\n<meta property=\"og:description\" content=\"Bek\u00e6mpelsen af \u200b\u200bh\u00e5rtab er en rejse mod \u00f8get livskvalitet. Det er vores mission at hj\u00e6lpe dig med at f\u00e5 det bedre med dig selv.\" \/>\n<meta property=\"og:url\" content=\"https:\/\/biofolic.dk\/en\/\" \/>\n<meta property=\"og:site_name\" content=\"Biofolic\" \/>\n<meta property=\"article:modified_time\" content=\"2025-06-12T12:44:09+00:00\" \/>\n<meta name=\"twitter:card\" content=\"summary_large_image\" \/>\n<script type=\"application\/ld+json\" class=\"yoast-schema-graph\">{\"@context\":\"https:\/\/schema.org\",\"@graph\":[{\"@type\":\"WebPage\",\"@id\":\"https:\/\/biofolic.dk\/en\/\",\"url\":\"https:\/\/biofolic.dk\/en\/\",\"name\":\"Bek\u00e6mp dit h\u00e5rtab med os! - Biofolic Lab\",\"isPartOf\":{\"@id\":\"https:\/\/biofolic.dk\/en\/#website\"},\"datePublished\":\"2022-07-01T12:14:01+00:00\",\"dateModified\":\"2025-06-12T12:44:09+00:00\",\"description\":\"Bek\u00e6mpelsen af \u200b\u200bh\u00e5rtab er en rejse mod \u00f8get livskvalitet. Det er vores mission at hj\u00e6lpe dig med at f\u00e5 det bedre med dig selv.\",\"breadcrumb\":{\"@id\":\"https:\/\/biofolic.dk\/en\/#breadcrumb\"},\"inLanguage\":\"en-US\",\"potentialAction\":[{\"@type\":\"ReadAction\",\"target\":[\"https:\/\/biofolic.dk\/en\/\"]}]},{\"@type\":\"BreadcrumbList\",\"@id\":\"https:\/\/biofolic.dk\/en\/#breadcrumb\",\"itemListElement\":[{\"@type\":\"ListItem\",\"position\":1,\"name\":\"Hjem\",\"item\":\"https:\/\/biofolic.dk\/\"},{\"@type\":\"ListItem\",\"position\":2,\"name\":\"Forside\"}]},{\"@type\":\"WebSite\",\"@id\":\"https:\/\/biofolic.dk\/en\/#website\",\"url\":\"https:\/\/biofolic.dk\/en\/\",\"name\":\"Biofolic\",\"description\":\"Hairgrowth Center\",\"potentialAction\":[{\"@type\":\"SearchAction\",\"target\":{\"@type\":\"EntryPoint\",\"urlTemplate\":\"https:\/\/biofolic.dk\/en\/?s={search_term_string}\"},\"query-input\":{\"@type\":\"PropertyValueSpecification\",\"valueRequired\":true,\"valueName\":\"search_term_string\"}}],\"inLanguage\":\"en-US\"}]}<\/script>\n<!-- \/ Yoast SEO plugin. -->","yoast_head_json":{"title":"Bek\u00e6mp dit h\u00e5rtab med os! - Biofolic Lab","description":"Bek\u00e6mpelsen af \u200b\u200bh\u00e5rtab er en rejse mod \u00f8get livskvalitet. Det er vores mission at hj\u00e6lpe dig med at f\u00e5 det bedre med dig selv.","robots":{"index":"index","follow":"follow","max-snippet":"max-snippet:-1","max-image-preview":"max-image-preview:large","max-video-preview":"max-video-preview:-1"},"canonical":"https:\/\/biofolic.dk\/en\/","og_locale":"en_US","og_type":"article","og_title":"Bek\u00e6mp dit h\u00e5rtab med os! - Biofolic Lab","og_description":"Bek\u00e6mpelsen af \u200b\u200bh\u00e5rtab er en rejse mod \u00f8get livskvalitet. Det er vores mission at hj\u00e6lpe dig med at f\u00e5 det bedre med dig selv.","og_url":"https:\/\/biofolic.dk\/en\/","og_site_name":"Biofolic","article_modified_time":"2025-06-12T12:44:09+00:00","twitter_card":"summary_large_image","schema":{"@context":"https:\/\/schema.org","@graph":[{"@type":"WebPage","@id":"https:\/\/biofolic.dk\/en\/","url":"https:\/\/biofolic.dk\/en\/","name":"Bek\u00e6mp dit h\u00e5rtab med os! - Biofolic Lab","isPartOf":{"@id":"https:\/\/biofolic.dk\/en\/#website"},"datePublished":"2022-07-01T12:14:01+00:00","dateModified":"2025-06-12T12:44:09+00:00","description":"Bek\u00e6mpelsen af \u200b\u200bh\u00e5rtab er en rejse mod \u00f8get livskvalitet. Det er vores mission at hj\u00e6lpe dig med at f\u00e5 det bedre med dig selv.","breadcrumb":{"@id":"https:\/\/biofolic.dk\/en\/#breadcrumb"},"inLanguage":"en-US","potentialAction":[{"@type":"ReadAction","target":["https:\/\/biofolic.dk\/en\/"]}]},{"@type":"BreadcrumbList","@id":"https:\/\/biofolic.dk\/en\/#breadcrumb","itemListElement":[{"@type":"ListItem","position":1,"name":"Hjem","item":"https:\/\/biofolic.dk\/"},{"@type":"ListItem","position":2,"name":"Forside"}]},{"@type":"WebSite","@id":"https:\/\/biofolic.dk\/en\/#website","url":"https:\/\/biofolic.dk\/en\/","name":"Biofolic","description":"Hairgrowth Center","potentialAction":[{"@type":"SearchAction","target":{"@type":"EntryPoint","urlTemplate":"https:\/\/biofolic.dk\/en\/?s={search_term_string}"},"query-input":{"@type":"PropertyValueSpecification","valueRequired":true,"valueName":"search_term_string"}}],"inLanguage":"en-US"}]}},"_links":{"self":[{"href":"https:\/\/biofolic.dk\/en\/wp-json\/wp\/v2\/pages\/47","targetHints":{"allow":["GET"]}}],"collection":[{"href":"https:\/\/biofolic.dk\/en\/wp-json\/wp\/v2\/pages"}],"about":[{"href":"https:\/\/biofolic.dk\/en\/wp-json\/wp\/v2\/types\/page"}],"author":[{"embeddable":true,"href":"https:\/\/biofolic.dk\/en\/wp-json\/wp\/v2\/users\/1"}],"replies":[{"embeddable":true,"href":"https:\/\/biofolic.dk\/en\/wp-json\/wp\/v2\/comments?post=47"}],"version-history":[{"count":0,"href":"https:\/\/biofolic.dk\/en\/wp-json\/wp\/v2\/pages\/47\/revisions"}],"wp:attachment":[{"href":"https:\/\/biofolic.dk\/en\/wp-json\/wp\/v2\/media?parent=47"}],"wp:term":[{"taxonomy":"category","embeddable":true,"href":"https:\/\/biofolic.dk\/en\/wp-json\/wp\/v2\/categories?post=47"}],"curies":[{"name":"wp","href":"https:\/\/api.w.org\/{rel}","templated":true}]}}